{"id":14,"date":"2026-02-18T00:11:59","date_gmt":"2026-02-18T05:11:59","guid":{"rendered":"https:\/\/baessentiel.ca\/?page_id=14"},"modified":"2026-02-26T08:25:18","modified_gmt":"2026-02-26T13:25:18","slug":"refund-returns","status":"publish","type":"page","link":"https:\/\/baessentiel.ca\/fr\/refund-returns\/","title":{"rendered":"Politique de retour"},"content":{"rendered":"<div data-elementor-type=\"wp-page\" data-elementor-id=\"14\" class=\"elementor elementor-14\">\n\t\t\t\t<div class=\"elementor-element elementor-element-3ffa3c2d e-flex e-con-boxed e-con e-parent\" data-id=\"3ffa3c2d\" data-element_type=\"container\" data-e-type=\"container\">\n\t\t\t\t\t<div class=\"e-con-inner\">\n\t\t\n\n\t\t<div class=\"elementor-element elementor-element-15ff155c elementor-widget elementor-widget-text-editor\" data-id=\"15ff155c\" data-element_type=\"widget\" data-e-type=\"widget\" data-widget_type=\"text-editor.default\">\n\t\t\t\t\t\t\t\t\t\n<h2 class=\"wp-block-heading\">D\u00e9lai\u200b<\/h2>\n\n<p>Les retours sont accept\u00e9s dans les 14 jours suivant la r\u00e9ception de votre commande.<\/p>\n\n<h2 class=\"wp-block-heading\">Produits non retournables<\/h2>\n\n<p>Pour des raisons d'hygi\u00e8ne et de s\u00e9curit\u00e9, les produits suivants ne peuvent \u00eatre retourn\u00e9s s'ils ont \u00e9t\u00e9<br \/>ouverts ou utilis\u00e9s :<\/p>\n<ul>\n<li>Produits cosm\u00e9tiques<\/li>\n<li>Baumes \u00e0 l\u00e8vres<\/li>\n<li>Sels de bain<\/li>\n<li>Bath bombs<\/li>\n<\/ul>\n\n<h3 class=\"wp-block-heading\">Proc\u00e9dure de retour\u200b<\/h3>\n\n<p>Avant de retourner un article, veuillez\u00a0:<\/p>\n<ul>\n<li>Contactez BA Essentiel par email au<a href=\"mailto:info@baessentiel.ca\"> info@baessentiel.ca<\/a><\/li>\n<li>Attendez la confirmation et les instructions de retour.<\/li>\n<\/ul>\n<p>Les frais de retour sont \u00e0 la charge du client, sauf en cas d'erreur de notre part.<\/p>\n\t\t\t\t\t\t\t\t<\/div>\n\t\t\t\t\t<\/div>\n\t\t\t\t<\/div>\n\t\t\t\t<\/div>","protected":false},"excerpt":{"rendered":"<p>Timeframe\u200b Returns are accepted within 14 days of receiving your order. Non-Returnable Products\u200b For hygiene and safety reasons, the following products cannot be returned if they have beenopened or used: Cosmetic products Lip balms Bath salts Bath bombs Return Procedure\u200b Before returning any item, please: Contact BA Essentiel by email on info@baessentiel.ca Wait for confirmation [&hellip;]<\/p>\n","protected":false},"author":1,"featured_media":0,"parent":0,"menu_order":0,"comment_status":"closed","ping_status":"closed","template":"template-header_sidebar.php","meta":{"inline_featured_image":false,"footnotes":""},"class_list":["post-14","page","type-page","status-publish","hentry"],"yoast_head":"<!-- This site is optimized with the Yoast SEO plugin v27.2 - https:\/\/yoast.com\/product\/yoast-seo-wordpress\/ -->\n<title>Return Policy - BA Essentiel<\/title>\n<meta name=\"robots\" content=\"index, follow, max-snippet:-1, max-image-preview:large, max-video-preview:-1\" \/>\n<link rel=\"canonical\" href=\"https:\/\/baessentiel.ca\/fr\/refund-returns\/\" \/>\n<meta property=\"og:locale\" content=\"fr_CA\" \/>\n<meta property=\"og:type\" content=\"article\" \/>\n<meta property=\"og:title\" content=\"Return Policy - BA Essentiel\" \/>\n<meta property=\"og:description\" content=\"Timeframe\u200b Returns are accepted within 14 days of receiving your order. Non-Returnable Products\u200b For hygiene and safety reasons, the following products cannot be returned if they have beenopened or used: Cosmetic products Lip balms Bath salts Bath bombs Return Procedure\u200b Before returning any item, please: Contact BA Essentiel by email on info@baessentiel.ca Wait for confirmation [&hellip;]\" \/>\n<meta property=\"og:url\" content=\"https:\/\/baessentiel.ca\/fr\/refund-returns\/\" \/>\n<meta property=\"og:site_name\" content=\"BA Essentiel\" \/>\n<meta property=\"article:modified_time\" content=\"2026-02-26T13:25:18+00:00\" \/>\n<meta name=\"twitter:card\" content=\"summary_large_image\" \/>\n<script type=\"application\/ld+json\" class=\"yoast-schema-graph\">{\"@context\":\"https:\/\/schema.org\",\"@graph\":[{\"@type\":\"WebPage\",\"@id\":\"https:\/\/baessentiel.ca\/refund-returns\/\",\"url\":\"https:\/\/baessentiel.ca\/refund-returns\/\",\"name\":\"Return Policy - BA Essentiel\",\"isPartOf\":{\"@id\":\"https:\/\/baessentiel.ca\/#website\"},\"datePublished\":\"2026-02-18T05:11:59+00:00\",\"dateModified\":\"2026-02-26T13:25:18+00:00\",\"breadcrumb\":{\"@id\":\"https:\/\/baessentiel.ca\/refund-returns\/#breadcrumb\"},\"inLanguage\":\"fr-CA\",\"potentialAction\":[{\"@type\":\"ReadAction\",\"target\":[\"https:\/\/baessentiel.ca\/refund-returns\/\"]}]},{\"@type\":\"BreadcrumbList\",\"@id\":\"https:\/\/baessentiel.ca\/refund-returns\/#breadcrumb\",\"itemListElement\":[{\"@type\":\"ListItem\",\"position\":1,\"name\":\"Home\",\"item\":\"https:\/\/baessentiel.ca\/\"},{\"@type\":\"ListItem\",\"position\":2,\"name\":\"Return Policy\"}]},{\"@type\":\"WebSite\",\"@id\":\"https:\/\/baessentiel.ca\/#website\",\"url\":\"https:\/\/baessentiel.ca\/\",\"name\":\"BA Essentiel\",\"description\":\"Handmade artisanal candles and wellness products from Quebec.\",\"publisher\":{\"@id\":\"https:\/\/baessentiel.ca\/#organization\"},\"potentialAction\":[{\"@type\":\"SearchAction\",\"target\":{\"@type\":\"EntryPoint\",\"urlTemplate\":\"https:\/\/baessentiel.ca\/?s={search_term_string}\"},\"query-input\":{\"@type\":\"PropertyValueSpecification\",\"valueRequired\":true,\"valueName\":\"search_term_string\"}}],\"inLanguage\":\"fr-CA\"},{\"@type\":\"Organization\",\"@id\":\"https:\/\/baessentiel.ca\/#organization\",\"name\":\"BA Essentiel\",\"url\":\"https:\/\/baessentiel.ca\/\",\"logo\":{\"@type\":\"ImageObject\",\"inLanguage\":\"fr-CA\",\"@id\":\"https:\/\/baessentiel.ca\/#\/schema\/logo\/image\/\",\"url\":\"https:\/\/baessentiel.ca\/wp-content\/uploads\/2026\/02\/LogoEN-1.png\",\"contentUrl\":\"https:\/\/baessentiel.ca\/wp-content\/uploads\/2026\/02\/LogoEN-1.png\",\"width\":1082,\"height\":377,\"caption\":\"BA Essentiel\"},\"image\":{\"@id\":\"https:\/\/baessentiel.ca\/#\/schema\/logo\/image\/\"}}]}<\/script>\n<!-- \/ Yoast SEO plugin. -->","yoast_head_json":{"title":"Return Policy - BA Essentiel","robots":{"index":"index","follow":"follow","max-snippet":"max-snippet:-1","max-image-preview":"max-image-preview:large","max-video-preview":"max-video-preview:-1"},"canonical":"https:\/\/baessentiel.ca\/fr\/refund-returns\/","og_locale":"fr_CA","og_type":"article","og_title":"Return Policy - BA Essentiel","og_description":"Timeframe\u200b Returns are accepted within 14 days of receiving your order. Non-Returnable Products\u200b For hygiene and safety reasons, the following products cannot be returned if they have beenopened or used: Cosmetic products Lip balms Bath salts Bath bombs Return Procedure\u200b Before returning any item, please: Contact BA Essentiel by email on info@baessentiel.ca Wait for confirmation [&hellip;]","og_url":"https:\/\/baessentiel.ca\/fr\/refund-returns\/","og_site_name":"BA Essentiel","article_modified_time":"2026-02-26T13:25:18+00:00","twitter_card":"summary_large_image","schema":{"@context":"https:\/\/schema.org","@graph":[{"@type":"WebPage","@id":"https:\/\/baessentiel.ca\/refund-returns\/","url":"https:\/\/baessentiel.ca\/refund-returns\/","name":"Return Policy - BA Essentiel","isPartOf":{"@id":"https:\/\/baessentiel.ca\/#website"},"datePublished":"2026-02-18T05:11:59+00:00","dateModified":"2026-02-26T13:25:18+00:00","breadcrumb":{"@id":"https:\/\/baessentiel.ca\/refund-returns\/#breadcrumb"},"inLanguage":"fr-CA","potentialAction":[{"@type":"ReadAction","target":["https:\/\/baessentiel.ca\/refund-returns\/"]}]},{"@type":"BreadcrumbList","@id":"https:\/\/baessentiel.ca\/refund-returns\/#breadcrumb","itemListElement":[{"@type":"ListItem","position":1,"name":"Home","item":"https:\/\/baessentiel.ca\/"},{"@type":"ListItem","position":2,"name":"Return Policy"}]},{"@type":"WebSite","@id":"https:\/\/baessentiel.ca\/#website","url":"https:\/\/baessentiel.ca\/","name":"BA Essentiel","description":"Bougies artisanales et produits de bien-\u00eatre faits \u00e0 la main au Qu\u00e9bec.","publisher":{"@id":"https:\/\/baessentiel.ca\/#organization"},"potentialAction":[{"@type":"SearchAction","target":{"@type":"EntryPoint","urlTemplate":"https:\/\/baessentiel.ca\/?s={search_term_string}"},"query-input":{"@type":"PropertyValueSpecification","valueRequired":true,"valueName":"search_term_string"}}],"inLanguage":"fr-CA"},{"@type":"Organization","@id":"https:\/\/baessentiel.ca\/#organization","name":"BA Essentiel","url":"https:\/\/baessentiel.ca\/","logo":{"@type":"ImageObject","inLanguage":"fr-CA","@id":"https:\/\/baessentiel.ca\/#\/schema\/logo\/image\/","url":"https:\/\/baessentiel.ca\/wp-content\/uploads\/2026\/02\/LogoEN-1.png","contentUrl":"https:\/\/baessentiel.ca\/wp-content\/uploads\/2026\/02\/LogoEN-1.png","width":1082,"height":377,"caption":"BA Essentiel"},"image":{"@id":"https:\/\/baessentiel.ca\/#\/schema\/logo\/image\/"}}]}},"_links":{"self":[{"href":"https:\/\/baessentiel.ca\/fr\/wp-json\/wp\/v2\/pages\/14","targetHints":{"allow":["GET"]}}],"collection":[{"href":"https:\/\/baessentiel.ca\/fr\/wp-json\/wp\/v2\/pages"}],"about":[{"href":"https:\/\/baessentiel.ca\/fr\/wp-json\/wp\/v2\/types\/page"}],"author":[{"embeddable":true,"href":"https:\/\/baessentiel.ca\/fr\/wp-json\/wp\/v2\/users\/1"}],"replies":[{"embeddable":true,"href":"https:\/\/baessentiel.ca\/fr\/wp-json\/wp\/v2\/comments?post=14"}],"version-history":[{"count":10,"href":"https:\/\/baessentiel.ca\/fr\/wp-json\/wp\/v2\/pages\/14\/revisions"}],"predecessor-version":[{"id":6025,"href":"https:\/\/baessentiel.ca\/fr\/wp-json\/wp\/v2\/pages\/14\/revisions\/6025"}],"wp:attachment":[{"href":"https:\/\/baessentiel.ca\/fr\/wp-json\/wp\/v2\/media?parent=14"}],"curies":[{"name":"wp","href":"https:\/\/api.w.org\/{rel}","templated":true}]}}