{"id":3,"date":"2026-02-18T00:02:11","date_gmt":"2026-02-18T00:02:11","guid":{"rendered":"https:\/\/baessentiel.ca\/?page_id=3"},"modified":"2026-02-26T08:24:57","modified_gmt":"2026-02-26T13:24:57","slug":"privacy-policy","status":"publish","type":"page","link":"https:\/\/baessentiel.ca\/fr\/privacy-policy\/","title":{"rendered":"Confidentialit\u00e9 &amp; Cookies Policy"},"content":{"rendered":"<div data-elementor-type=\"wp-page\" data-elementor-id=\"3\" class=\"elementor elementor-3\">\n\t\t\t\t<div class=\"elementor-element elementor-element-6ec8ef73 e-flex e-con-boxed e-con e-parent\" data-id=\"6ec8ef73\" data-element_type=\"container\" data-e-type=\"container\">\n\t\t\t\t\t<div class=\"e-con-inner\">\n\t\t\n\n\t\t<div class=\"elementor-element elementor-element-255a5393 elementor-widget elementor-widget-text-editor\" data-id=\"255a5393\" data-element_type=\"widget\" data-e-type=\"widget\" data-widget_type=\"text-editor.default\">\n\t\t\t\t\t\t\t\t\t\n<h6 class=\"wp-block-heading\">Derni\u00e8re mise \u00e0 jour : 23 f\u00e9vrier 2026<\/h6>\n<h2 class=\"wp-block-heading\">Donn\u00e9es personnelles collect\u00e9es<\/h2>\n\n<p>Lors de votre navigation ou de votre commande, BA Essentiel peut collecter\u00a0:<\/p>\n<ul>\n<li>Pr\u00e9nom<\/li>\n<li>Nom<\/li>\n<li>Adresse courriel<\/li>\n<li>Adresse postale\u200b<\/li>\n<li>Num\u00e9ro de t\u00e9l\u00e9phone\u200b<\/li>\n<li>Informations n\u00e9cessaires au traitement de la commande<\/li>\n<\/ul>\n\n<h2 class=\"wp-block-heading\">Utilisation des donn\u00e9es\u200b<\/h2>\n\n<p>Vos donn\u00e9es sont utilis\u00e9es uniquement pour\u00a0:<\/p>\n<ul>\n<li>Traitement et gestion des commandes<\/li>\n<li>Livraison de produits\u200b<\/li>\n<li>Communication avec les clients (confirmation, suivi, service client)<\/li>\n<li>Am\u00e9liorer l'exp\u00e9rience utilisateur<\/li>\n<\/ul>\n<p>BA Essentiel ne vend ni ne partage vos donn\u00e9es personnelles avec des tiers \u00e0 des fins commerciales.<\/p>\n\n<h2 class=\"wp-block-heading\">Paiements s\u00e9curis\u00e9s\u200b<\/h2>\n\n<p>Les paiements sont trait\u00e9s via Stripe, une plateforme s\u00e9curis\u00e9e.<\/p>\n<p>BA Essentiel ne conserve aucune information bancaire.<\/p>\n\n<h2 class=\"wp-block-heading\">Cookies<\/h2>\n\n<p>Le site web utilise des cookies pour\u00a0:<\/p>\n<ul>\n<li>Assurez le bon fonctionnement du site.<\/li>\n<li>Am\u00e9liorer l'exp\u00e9rience de navigation<\/li>\n<li>Analysez le trafic de mani\u00e8re anonyme.<\/li>\n<\/ul>\n<p>Vous pouvez modifier vos pr\u00e9f\u00e9rences en mati\u00e8re de cookies dans les param\u00e8tres de votre navigateur.<\/p>\n\n<h2 class=\"wp-block-heading\">S\u00e9curit\u00e9 des donn\u00e9es\u200b<\/h2>\n<p>BA Essentiel met en \u0153uvre des mesures raisonnables pour prot\u00e9ger vos informations personnelles contre<br \/>acc\u00e8s non autoris\u00e9, perte ou divulgation.<\/p>\n\n<h2 class=\"wp-block-heading\">Vos droits<\/h2>\n<h2 class=\"wp-block-heading\"><\/h2>\n<p>Vous pouvez demander :<\/p>\n<ul>\n<li>Acc\u00e8s \u00e0 vos donn\u00e9es personnelles<\/li>\n<li>Modification or deletion of your data\u200b<\/li>\n<\/ul>\n<p>Contact: <a href=\"mailto:info@baessentiel.ca\">info@baessentiel.ca<\/a><\/p>\n\t\t\t\t\t\t\t\t<\/div>\n\t\t\t\t\t<\/div>\n\t\t\t\t<\/div>\n\t\t\t\t<\/div>","protected":false},"excerpt":{"rendered":"<p>Last Updated: 23 February 2026 Personal Data Collected\u200b While browsing or placing an order, BA Essentiel may collect: First Name Last Name\u200b Email address\u200b Postal address\u200b Phone number\u200b Information necessary to process the order Use of Data\u200b Your data is used only for: Processing and managing orders\u200b Delivering products\u200b Communicating with customers (confirmation, tracking, customer [&hellip;]<\/p>\n","protected":false},"author":1,"featured_media":0,"parent":0,"menu_order":0,"comment_status":"closed","ping_status":"closed","template":"template-header_sidebar.php","meta":{"inline_featured_image":false,"footnotes":""},"class_list":["post-3","page","type-page","status-publish","hentry"],"yoast_head":"<!-- This site is optimized with the Yoast SEO plugin v27.2 - https:\/\/yoast.com\/product\/yoast-seo-wordpress\/ -->\n<title>Privacy &amp; Cookies Policy - BA Essentiel<\/title>\n<meta name=\"robots\" content=\"index, follow, max-snippet:-1, max-image-preview:large, max-video-preview:-1\" \/>\n<link rel=\"canonical\" href=\"https:\/\/baessentiel.ca\/fr\/privacy-policy\/\" \/>\n<meta property=\"og:locale\" content=\"fr_CA\" \/>\n<meta property=\"og:type\" content=\"article\" \/>\n<meta property=\"og:title\" content=\"Privacy &amp; Cookies Policy - BA Essentiel\" \/>\n<meta property=\"og:description\" content=\"Last Updated: 23 February 2026 Personal Data Collected\u200b While browsing or placing an order, BA Essentiel may collect: First Name Last Name\u200b Email address\u200b Postal address\u200b Phone number\u200b Information necessary to process the order Use of Data\u200b Your data is used only for: Processing and managing orders\u200b Delivering products\u200b Communicating with customers (confirmation, tracking, customer [&hellip;]\" \/>\n<meta property=\"og:url\" content=\"https:\/\/baessentiel.ca\/fr\/privacy-policy\/\" \/>\n<meta property=\"og:site_name\" content=\"BA Essentiel\" \/>\n<meta property=\"article:modified_time\" content=\"2026-02-26T13:24:57+00:00\" \/>\n<meta name=\"twitter:card\" content=\"summary_large_image\" \/>\n<meta name=\"twitter:label1\" content=\"Estimation du temps de lecture\" \/>\n\t<meta name=\"twitter:data1\" content=\"1 minute\" \/>\n<script type=\"application\/ld+json\" class=\"yoast-schema-graph\">{\"@context\":\"https:\/\/schema.org\",\"@graph\":[{\"@type\":\"WebPage\",\"@id\":\"https:\/\/baessentiel.ca\/privacy-policy\/\",\"url\":\"https:\/\/baessentiel.ca\/privacy-policy\/\",\"name\":\"Privacy & Cookies Policy - BA Essentiel\",\"isPartOf\":{\"@id\":\"https:\/\/baessentiel.ca\/#website\"},\"datePublished\":\"2026-02-18T00:02:11+00:00\",\"dateModified\":\"2026-02-26T13:24:57+00:00\",\"breadcrumb\":{\"@id\":\"https:\/\/baessentiel.ca\/privacy-policy\/#breadcrumb\"},\"inLanguage\":\"fr-CA\",\"potentialAction\":[{\"@type\":\"ReadAction\",\"target\":[\"https:\/\/baessentiel.ca\/privacy-policy\/\"]}]},{\"@type\":\"BreadcrumbList\",\"@id\":\"https:\/\/baessentiel.ca\/privacy-policy\/#breadcrumb\",\"itemListElement\":[{\"@type\":\"ListItem\",\"position\":1,\"name\":\"Home\",\"item\":\"https:\/\/baessentiel.ca\/\"},{\"@type\":\"ListItem\",\"position\":2,\"name\":\"Privacy &#038; Cookies Policy\"}]},{\"@type\":\"WebSite\",\"@id\":\"https:\/\/baessentiel.ca\/#website\",\"url\":\"https:\/\/baessentiel.ca\/\",\"name\":\"BA Essentiel\",\"description\":\"Handmade artisanal candles and wellness products from Quebec.\",\"publisher\":{\"@id\":\"https:\/\/baessentiel.ca\/#organization\"},\"potentialAction\":[{\"@type\":\"SearchAction\",\"target\":{\"@type\":\"EntryPoint\",\"urlTemplate\":\"https:\/\/baessentiel.ca\/?s={search_term_string}\"},\"query-input\":{\"@type\":\"PropertyValueSpecification\",\"valueRequired\":true,\"valueName\":\"search_term_string\"}}],\"inLanguage\":\"fr-CA\"},{\"@type\":\"Organization\",\"@id\":\"https:\/\/baessentiel.ca\/#organization\",\"name\":\"BA Essentiel\",\"url\":\"https:\/\/baessentiel.ca\/\",\"logo\":{\"@type\":\"ImageObject\",\"inLanguage\":\"fr-CA\",\"@id\":\"https:\/\/baessentiel.ca\/#\/schema\/logo\/image\/\",\"url\":\"https:\/\/baessentiel.ca\/wp-content\/uploads\/2026\/02\/LogoEN-1.png\",\"contentUrl\":\"https:\/\/baessentiel.ca\/wp-content\/uploads\/2026\/02\/LogoEN-1.png\",\"width\":1082,\"height\":377,\"caption\":\"BA Essentiel\"},\"image\":{\"@id\":\"https:\/\/baessentiel.ca\/#\/schema\/logo\/image\/\"}}]}<\/script>\n<!-- \/ Yoast SEO plugin. -->","yoast_head_json":{"title":"Privacy & Cookies Policy - BA Essentiel","robots":{"index":"index","follow":"follow","max-snippet":"max-snippet:-1","max-image-preview":"max-image-preview:large","max-video-preview":"max-video-preview:-1"},"canonical":"https:\/\/baessentiel.ca\/fr\/privacy-policy\/","og_locale":"fr_CA","og_type":"article","og_title":"Privacy & Cookies Policy - BA Essentiel","og_description":"Last Updated: 23 February 2026 Personal Data Collected\u200b While browsing or placing an order, BA Essentiel may collect: First Name Last Name\u200b Email address\u200b Postal address\u200b Phone number\u200b Information necessary to process the order Use of Data\u200b Your data is used only for: Processing and managing orders\u200b Delivering products\u200b Communicating with customers (confirmation, tracking, customer [&hellip;]","og_url":"https:\/\/baessentiel.ca\/fr\/privacy-policy\/","og_site_name":"BA Essentiel","article_modified_time":"2026-02-26T13:24:57+00:00","twitter_card":"summary_large_image","twitter_misc":{"Estimation du temps de lecture":"1 minute"},"schema":{"@context":"https:\/\/schema.org","@graph":[{"@type":"WebPage","@id":"https:\/\/baessentiel.ca\/privacy-policy\/","url":"https:\/\/baessentiel.ca\/privacy-policy\/","name":"Privacy & Cookies Policy - BA Essentiel","isPartOf":{"@id":"https:\/\/baessentiel.ca\/#website"},"datePublished":"2026-02-18T00:02:11+00:00","dateModified":"2026-02-26T13:24:57+00:00","breadcrumb":{"@id":"https:\/\/baessentiel.ca\/privacy-policy\/#breadcrumb"},"inLanguage":"fr-CA","potentialAction":[{"@type":"ReadAction","target":["https:\/\/baessentiel.ca\/privacy-policy\/"]}]},{"@type":"BreadcrumbList","@id":"https:\/\/baessentiel.ca\/privacy-policy\/#breadcrumb","itemListElement":[{"@type":"ListItem","position":1,"name":"Home","item":"https:\/\/baessentiel.ca\/"},{"@type":"ListItem","position":2,"name":"Privacy &#038; Cookies Policy"}]},{"@type":"WebSite","@id":"https:\/\/baessentiel.ca\/#website","url":"https:\/\/baessentiel.ca\/","name":"BA Essentiel","description":"Bougies artisanales et produits de bien-\u00eatre faits \u00e0 la main au Qu\u00e9bec.","publisher":{"@id":"https:\/\/baessentiel.ca\/#organization"},"potentialAction":[{"@type":"SearchAction","target":{"@type":"EntryPoint","urlTemplate":"https:\/\/baessentiel.ca\/?s={search_term_string}"},"query-input":{"@type":"PropertyValueSpecification","valueRequired":true,"valueName":"search_term_string"}}],"inLanguage":"fr-CA"},{"@type":"Organization","@id":"https:\/\/baessentiel.ca\/#organization","name":"BA Essentiel","url":"https:\/\/baessentiel.ca\/","logo":{"@type":"ImageObject","inLanguage":"fr-CA","@id":"https:\/\/baessentiel.ca\/#\/schema\/logo\/image\/","url":"https:\/\/baessentiel.ca\/wp-content\/uploads\/2026\/02\/LogoEN-1.png","contentUrl":"https:\/\/baessentiel.ca\/wp-content\/uploads\/2026\/02\/LogoEN-1.png","width":1082,"height":377,"caption":"BA Essentiel"},"image":{"@id":"https:\/\/baessentiel.ca\/#\/schema\/logo\/image\/"}}]}},"_links":{"self":[{"href":"https:\/\/baessentiel.ca\/fr\/wp-json\/wp\/v2\/pages\/3","targetHints":{"allow":["GET"]}}],"collection":[{"href":"https:\/\/baessentiel.ca\/fr\/wp-json\/wp\/v2\/pages"}],"about":[{"href":"https:\/\/baessentiel.ca\/fr\/wp-json\/wp\/v2\/types\/page"}],"author":[{"embeddable":true,"href":"https:\/\/baessentiel.ca\/fr\/wp-json\/wp\/v2\/users\/1"}],"replies":[{"embeddable":true,"href":"https:\/\/baessentiel.ca\/fr\/wp-json\/wp\/v2\/comments?post=3"}],"version-history":[{"count":10,"href":"https:\/\/baessentiel.ca\/fr\/wp-json\/wp\/v2\/pages\/3\/revisions"}],"predecessor-version":[{"id":6022,"href":"https:\/\/baessentiel.ca\/fr\/wp-json\/wp\/v2\/pages\/3\/revisions\/6022"}],"wp:attachment":[{"href":"https:\/\/baessentiel.ca\/fr\/wp-json\/wp\/v2\/media?parent=3"}],"curies":[{"name":"wp","href":"https:\/\/api.w.org\/{rel}","templated":true}]}}