{"id":5532,"date":"2026-02-23T15:42:28","date_gmt":"2026-02-23T20:42:28","guid":{"rendered":"http:\/\/source.wpopal.com\/olars\/?page_id=12"},"modified":"2026-02-26T08:25:35","modified_gmt":"2026-02-26T13:25:35","slug":"terms-conditions","status":"publish","type":"page","link":"https:\/\/baessentiel.ca\/fr\/terms-conditions\/","title":{"rendered":"Termes &amp; Conditions"},"content":{"rendered":"<div data-elementor-type=\"wp-page\" data-elementor-id=\"5532\" class=\"elementor elementor-5532\">\n\t\t\t\t<div class=\"elementor-element elementor-element-2dec7e10 e-flex e-con-boxed e-con e-parent\" data-id=\"2dec7e10\" data-element_type=\"container\" data-e-type=\"container\">\n\t\t\t\t\t<div class=\"e-con-inner\">\n\t\t\n\n\t\t<div class=\"elementor-element elementor-element-17c2987 elementor-widget elementor-widget-text-editor\" data-id=\"17c2987\" data-element_type=\"widget\" data-e-type=\"widget\" data-widget_type=\"text-editor.default\">\n\t\t\t\t\t\t\t\t\t<p><\/p>\n<h2>Qui nous sommes<\/h2>\n<p><\/p>\n<p><em><span style=\"text-decoration: underline;\">Entreprise:<\/span><\/em> BA Essentiel\u200b<br \/><em><span style=\"text-decoration: underline;\">Point de contact\u00a0:<\/span><\/em> Shana Beaulieu\u200b<br \/><em><span style=\"text-decoration: underline;\">Statut juridique\u00a0:<\/span><\/em> Entreprise individuelle<br \/><em><span style=\"text-decoration: underline;\">NEQ (Num\u00e9ro d'entreprise du Qu\u00e9bec) :<\/span><\/em> 2281676348\u200b<br \/><em><span style=\"text-decoration: underline;\">Adresse:<\/span><\/em> Laval, Quebec, Canada\u200b<br \/><em><span style=\"text-decoration: underline;\">Email:<\/span><\/em> <a href=\"mailto:info@baessentiel.ca\">info@baessentiel.ca<\/a>\u200b<br \/><em><span style=\"text-decoration: underline;\">T\u00e9l\u00e9phone:<\/span><\/em> <a href=\"tel:5146911269\">+1 (514) 691-1269<\/a><\/p>\n<p><\/p>\n<h3 class=\"wp-block-heading\">Produits\u200b<\/h3>\n\n<p>Les produits vendus sont artisanaux et faits main. De l\u00e9g\u00e8res variations peuvent survenir et<br \/>font partie int\u00e9grante de leur caract\u00e8re artisanal.<\/p>\n\n<h2>Prix \u200b\u200bet paiement<\/h2>\n\n<ul>\n<li>Tous les prix sont indiqu\u00e9s en dollars canadiens (CAD).<\/li>\n<li>Les paiements sont trait\u00e9s de mani\u00e8re s\u00e9curis\u00e9e via Stripe.<\/li>\n<\/ul>\n\n<h2>Commandes\u200b<\/h2>\n\n<p>Une commande n'est consid\u00e9r\u00e9e comme confirm\u00e9e qu'apr\u00e8s r\u00e9ception du paiement int\u00e9gral.<\/p>\n\n<h2>Exp\u00e9dition<\/h2>\n\n<ul>\n<li>Les frais de livraison et les d\u00e9lais de livraison sont indiqu\u00e9s lors du paiement.<\/li>\n<li>BA Essentiel ne peut \u00eatre tenu responsable des retards caus\u00e9s par le transporteur.<\/li>\n<\/ul>\n\n<h2>Retours\u200b<\/h2>\n\n<p>Les retours sont r\u00e9gis par la <a href=\"\/fr\/refund-returns\/\">Politique de retour<\/a> disponible sur le site web.<\/p>\n\n<h2>Responsabilit\u00e9<\/h2>\n\n<ul>\n<li>Les produits doivent \u00eatre utilis\u00e9s conform\u00e9ment aux instructions fournies.<\/li>\n<li>BA Essentiel d\u00e9cline toute responsabilit\u00e9 en cas de mauvaise utilisation, de r\u00e9actions ind\u00e9sirables ou d'allergies.<\/li>\n<li>Ces produits ne remplacent pas un avis m\u00e9dical professionnel.<\/li>\n<\/ul>\n<h2>\u00c2ge minimum\u200b<\/h2>\n<p><\/p>\n<p>Les achats sur le site web sont r\u00e9serv\u00e9s aux personnes \u00e2g\u00e9es de 18 ans et plus, ou disposant d'une autorisation parentale\/de tuteur l\u00e9gal.<\/p>\n<h2>Loi applicable\u200b\u200b<\/h2>\n<p><\/p>\n<p>Les pr\u00e9sentes conditions g\u00e9n\u00e9rales sont r\u00e9gies par les lois du Qu\u00e9bec et du Canada.<\/p>\n<h2>Vous avez d'autres questions ?<\/h2>\n<p>Contact us at <a href=\"mailto:info@baessentiel.ca\">info@baessentiel.ca<\/a><\/p>\n\t\t\t\t\t\t\t\t<\/div>\n\t\t\t\t\t<\/div>\n\t\t\t\t<\/div>\n\t\t\t\t<\/div>","protected":false},"excerpt":{"rendered":"<p>Who we are Company: BA Essentiel\u200bPoint of Contact: Shana Beaulieu\u200bLegal Status: Sole Proprietorship\u200bNEQ (Quebec Business Number): 2281676348\u200bAddress: Laval, Quebec, Canada\u200bEmail: info@baessentiel.ca\u200bPhone: +1 (514) 691-1269 Products\u200b The products sold are artisanal and handmade. Minor variations may occur and are part of thehandcrafted nature of the items. Pricing and Payment All prices are listed in Canadian dollars [&hellip;]<\/p>\n","protected":false},"author":1,"featured_media":0,"parent":0,"menu_order":0,"comment_status":"closed","ping_status":"closed","template":"template-header_sidebar.php","meta":{"inline_featured_image":false,"footnotes":""},"class_list":["post-5532","page","type-page","status-publish","hentry"],"yoast_head":"<!-- This site is optimized with the Yoast SEO plugin v27.2 - https:\/\/yoast.com\/product\/yoast-seo-wordpress\/ -->\n<title>Terms &amp; Conditions - BA Essentiel<\/title>\n<meta name=\"robots\" content=\"index, follow, max-snippet:-1, max-image-preview:large, max-video-preview:-1\" \/>\n<link rel=\"canonical\" href=\"https:\/\/baessentiel.ca\/fr\/terms-conditions\/\" \/>\n<meta property=\"og:locale\" content=\"fr_CA\" \/>\n<meta property=\"og:type\" content=\"article\" \/>\n<meta property=\"og:title\" content=\"Terms &amp; Conditions - BA Essentiel\" \/>\n<meta property=\"og:description\" content=\"Who we are Company: BA Essentiel\u200bPoint of Contact: Shana Beaulieu\u200bLegal Status: Sole Proprietorship\u200bNEQ (Quebec Business Number): 2281676348\u200bAddress: Laval, Quebec, Canada\u200bEmail: info@baessentiel.ca\u200bPhone: +1 (514) 691-1269 Products\u200b The products sold are artisanal and handmade. Minor variations may occur and are part of thehandcrafted nature of the items. Pricing and Payment All prices are listed in Canadian dollars [&hellip;]\" \/>\n<meta property=\"og:url\" content=\"https:\/\/baessentiel.ca\/fr\/terms-conditions\/\" \/>\n<meta property=\"og:site_name\" content=\"BA Essentiel\" \/>\n<meta property=\"article:modified_time\" content=\"2026-02-26T13:25:35+00:00\" \/>\n<meta name=\"twitter:card\" content=\"summary_large_image\" \/>\n<meta name=\"twitter:label1\" content=\"Estimation du temps de lecture\" \/>\n\t<meta name=\"twitter:data1\" content=\"1 minute\" \/>\n<script type=\"application\/ld+json\" class=\"yoast-schema-graph\">{\"@context\":\"https:\/\/schema.org\",\"@graph\":[{\"@type\":\"WebPage\",\"@id\":\"https:\/\/baessentiel.ca\/terms-conditions\/\",\"url\":\"https:\/\/baessentiel.ca\/terms-conditions\/\",\"name\":\"Terms & Conditions - BA Essentiel\",\"isPartOf\":{\"@id\":\"https:\/\/baessentiel.ca\/#website\"},\"datePublished\":\"2026-02-23T20:42:28+00:00\",\"dateModified\":\"2026-02-26T13:25:35+00:00\",\"breadcrumb\":{\"@id\":\"https:\/\/baessentiel.ca\/terms-conditions\/#breadcrumb\"},\"inLanguage\":\"fr-CA\",\"potentialAction\":[{\"@type\":\"ReadAction\",\"target\":[\"https:\/\/baessentiel.ca\/terms-conditions\/\"]}]},{\"@type\":\"BreadcrumbList\",\"@id\":\"https:\/\/baessentiel.ca\/terms-conditions\/#breadcrumb\",\"itemListElement\":[{\"@type\":\"ListItem\",\"position\":1,\"name\":\"Home\",\"item\":\"https:\/\/baessentiel.ca\/\"},{\"@type\":\"ListItem\",\"position\":2,\"name\":\"Terms &#038; Conditions\"}]},{\"@type\":\"WebSite\",\"@id\":\"https:\/\/baessentiel.ca\/#website\",\"url\":\"https:\/\/baessentiel.ca\/\",\"name\":\"BA Essentiel\",\"description\":\"Handmade artisanal candles and wellness products from Quebec.\",\"publisher\":{\"@id\":\"https:\/\/baessentiel.ca\/#organization\"},\"potentialAction\":[{\"@type\":\"SearchAction\",\"target\":{\"@type\":\"EntryPoint\",\"urlTemplate\":\"https:\/\/baessentiel.ca\/?s={search_term_string}\"},\"query-input\":{\"@type\":\"PropertyValueSpecification\",\"valueRequired\":true,\"valueName\":\"search_term_string\"}}],\"inLanguage\":\"fr-CA\"},{\"@type\":\"Organization\",\"@id\":\"https:\/\/baessentiel.ca\/#organization\",\"name\":\"BA Essentiel\",\"url\":\"https:\/\/baessentiel.ca\/\",\"logo\":{\"@type\":\"ImageObject\",\"inLanguage\":\"fr-CA\",\"@id\":\"https:\/\/baessentiel.ca\/#\/schema\/logo\/image\/\",\"url\":\"https:\/\/baessentiel.ca\/wp-content\/uploads\/2026\/02\/LogoEN-1.png\",\"contentUrl\":\"https:\/\/baessentiel.ca\/wp-content\/uploads\/2026\/02\/LogoEN-1.png\",\"width\":1082,\"height\":377,\"caption\":\"BA Essentiel\"},\"image\":{\"@id\":\"https:\/\/baessentiel.ca\/#\/schema\/logo\/image\/\"}}]}<\/script>\n<!-- \/ Yoast SEO plugin. -->","yoast_head_json":{"title":"Terms & Conditions - BA Essentiel","robots":{"index":"index","follow":"follow","max-snippet":"max-snippet:-1","max-image-preview":"max-image-preview:large","max-video-preview":"max-video-preview:-1"},"canonical":"https:\/\/baessentiel.ca\/fr\/terms-conditions\/","og_locale":"fr_CA","og_type":"article","og_title":"Terms & Conditions - BA Essentiel","og_description":"Who we are Company: BA Essentiel\u200bPoint of Contact: Shana Beaulieu\u200bLegal Status: Sole Proprietorship\u200bNEQ (Quebec Business Number): 2281676348\u200bAddress: Laval, Quebec, Canada\u200bEmail: info@baessentiel.ca\u200bPhone: +1 (514) 691-1269 Products\u200b The products sold are artisanal and handmade. Minor variations may occur and are part of thehandcrafted nature of the items. Pricing and Payment All prices are listed in Canadian dollars [&hellip;]","og_url":"https:\/\/baessentiel.ca\/fr\/terms-conditions\/","og_site_name":"BA Essentiel","article_modified_time":"2026-02-26T13:25:35+00:00","twitter_card":"summary_large_image","twitter_misc":{"Estimation du temps de lecture":"1 minute"},"schema":{"@context":"https:\/\/schema.org","@graph":[{"@type":"WebPage","@id":"https:\/\/baessentiel.ca\/terms-conditions\/","url":"https:\/\/baessentiel.ca\/terms-conditions\/","name":"Terms & Conditions - BA Essentiel","isPartOf":{"@id":"https:\/\/baessentiel.ca\/#website"},"datePublished":"2026-02-23T20:42:28+00:00","dateModified":"2026-02-26T13:25:35+00:00","breadcrumb":{"@id":"https:\/\/baessentiel.ca\/terms-conditions\/#breadcrumb"},"inLanguage":"fr-CA","potentialAction":[{"@type":"ReadAction","target":["https:\/\/baessentiel.ca\/terms-conditions\/"]}]},{"@type":"BreadcrumbList","@id":"https:\/\/baessentiel.ca\/terms-conditions\/#breadcrumb","itemListElement":[{"@type":"ListItem","position":1,"name":"Home","item":"https:\/\/baessentiel.ca\/"},{"@type":"ListItem","position":2,"name":"Terms &#038; Conditions"}]},{"@type":"WebSite","@id":"https:\/\/baessentiel.ca\/#website","url":"https:\/\/baessentiel.ca\/","name":"BA Essentiel","description":"Bougies artisanales et produits de bien-\u00eatre faits \u00e0 la main au Qu\u00e9bec.","publisher":{"@id":"https:\/\/baessentiel.ca\/#organization"},"potentialAction":[{"@type":"SearchAction","target":{"@type":"EntryPoint","urlTemplate":"https:\/\/baessentiel.ca\/?s={search_term_string}"},"query-input":{"@type":"PropertyValueSpecification","valueRequired":true,"valueName":"search_term_string"}}],"inLanguage":"fr-CA"},{"@type":"Organization","@id":"https:\/\/baessentiel.ca\/#organization","name":"BA Essentiel","url":"https:\/\/baessentiel.ca\/","logo":{"@type":"ImageObject","inLanguage":"fr-CA","@id":"https:\/\/baessentiel.ca\/#\/schema\/logo\/image\/","url":"https:\/\/baessentiel.ca\/wp-content\/uploads\/2026\/02\/LogoEN-1.png","contentUrl":"https:\/\/baessentiel.ca\/wp-content\/uploads\/2026\/02\/LogoEN-1.png","width":1082,"height":377,"caption":"BA Essentiel"},"image":{"@id":"https:\/\/baessentiel.ca\/#\/schema\/logo\/image\/"}}]}},"_links":{"self":[{"href":"https:\/\/baessentiel.ca\/fr\/wp-json\/wp\/v2\/pages\/5532","targetHints":{"allow":["GET"]}}],"collection":[{"href":"https:\/\/baessentiel.ca\/fr\/wp-json\/wp\/v2\/pages"}],"about":[{"href":"https:\/\/baessentiel.ca\/fr\/wp-json\/wp\/v2\/types\/page"}],"author":[{"embeddable":true,"href":"https:\/\/baessentiel.ca\/fr\/wp-json\/wp\/v2\/users\/1"}],"replies":[{"embeddable":true,"href":"https:\/\/baessentiel.ca\/fr\/wp-json\/wp\/v2\/comments?post=5532"}],"version-history":[{"count":12,"href":"https:\/\/baessentiel.ca\/fr\/wp-json\/wp\/v2\/pages\/5532\/revisions"}],"predecessor-version":[{"id":6028,"href":"https:\/\/baessentiel.ca\/fr\/wp-json\/wp\/v2\/pages\/5532\/revisions\/6028"}],"wp:attachment":[{"href":"https:\/\/baessentiel.ca\/fr\/wp-json\/wp\/v2\/media?parent=5532"}],"curies":[{"name":"wp","href":"https:\/\/api.w.org\/{rel}","templated":true}]}}