{"id":6303,"date":"2026-03-23T20:13:53","date_gmt":"2026-03-24T01:13:53","guid":{"rendered":"https:\/\/baessentiel.ca\/?page_id=6303"},"modified":"2026-03-23T20:15:34","modified_gmt":"2026-03-24T01:15:34","slug":"best-sellers","status":"publish","type":"page","link":"https:\/\/baessentiel.ca\/fr\/shop\/best-sellers\/","title":{"rendered":"Best Sellers"},"content":{"rendered":"<div data-elementor-type=\"wp-page\" data-elementor-id=\"6303\" class=\"elementor elementor-6303\">\n\t\t\t\t<div class=\"elementor-element elementor-element-f27c9a6 e-flex e-con-boxed e-con e-parent\" data-id=\"f27c9a6\" data-element_type=\"container\" data-e-type=\"container\">\n\t\t\t\t\t<div class=\"e-con-inner\">\n\t\t\n\n\t\t<div class=\"elementor-element elementor-element-a961e2b arrow-style-1 dots-style-1 elementor-widget elementor-widget-olars-products\" data-id=\"a961e2b\" data-element_type=\"widget\" data-e-type=\"widget\" data-widget_type=\"olars-products.default\">\n\t\t\t\t<div class=\"elementor-widget-container\">\n\t\t\t\t\t<div class=\"woocommerce columns-3  columns-tablet-2 columns-mobile-1\">\n<ul class=\"products columns-3\">\n\n\n<li class=\"product type-product post-5745 status-publish first instock product_cat-candles has-post-thumbnail taxable shipping-taxable purchasable product-type-simple\">\n\t<div class=\"product-block\">        <div class=\"product-transition\"><div class=\"group-label\"><\/div><div class=\"product-image\"><img fetchpriority=\"high\" decoding=\"async\" width=\"330\" height=\"330\" src=\"https:\/\/baessentiel.ca\/wp-content\/uploads\/2026\/02\/20260207_142724-330x330.jpg\" class=\"attachment-woocommerce_thumbnail size-woocommerce_thumbnail\" alt=\"Handmade Candle - Sakura Petals\" srcset=\"https:\/\/baessentiel.ca\/wp-content\/uploads\/2026\/02\/20260207_142724-330x330.jpg 330w, https:\/\/baessentiel.ca\/wp-content\/uploads\/2026\/02\/20260207_142724-150x150.jpg 150w, https:\/\/baessentiel.ca\/wp-content\/uploads\/2026\/02\/20260207_142724-100x100.jpg 100w, https:\/\/baessentiel.ca\/wp-content\/uploads\/2026\/02\/20260207_142724-50x50.jpg 50w, https:\/\/baessentiel.ca\/wp-content\/uploads\/2026\/02\/20260207_142724-460x460.jpg 460w\" sizes=\"(max-width: 330px) 100vw, 330px\" \/><\/div>        <div class=\"group-action\">\n            <div class=\"shop-action\">\n                <button class=\"woosq-btn woosq-btn-5745\" data-id=\"5745\" data-effect=\"mfp-3d-unfold\" data-context=\"default\">Quick view<\/button>            <\/div>\n        <\/div>\n        <a href=\"https:\/\/baessentiel.ca\/fr\/produit\/handmade-candle-sakura-petals\/\" class=\"woocommerce-LoopProduct-link woocommerce-loop-product__link\"><\/a><\/div>\n        <div class=\"product-caption\"><h3 class=\"woocommerce-loop-product__title\"><a href=\"https:\/\/baessentiel.ca\/fr\/produit\/handmade-candle-sakura-petals\/\">Bougie \u2013 P\u00e9tales de Sakura<\/a><\/h3>\n\t<span class=\"price\"><span class=\"woocommerce-Price-amount amount\"><bdi><span class=\"woocommerce-Price-currencySymbol\">&#36;<\/span>38.99<\/bdi><\/span><\/span>\n<a href=\"\/fr\/wp-json\/wp\/v2\/pages\/6303?add-to-cart=5745\" aria-describedby=\"woocommerce_loop_add_to_cart_link_describedby_5745\" data-quantity=\"1\" class=\"button product_type_simple add_to_cart_button ajax_add_to_cart\" data-product_id=\"5745\" data-product_sku=\"\" aria-label=\"Ajouter au panier\u00a0: \u201cHandmade Candle - Sakura Petals\u201d\" rel=\"nofollow\" data-success_message=\"\u00ab\u00a0Handmade Candle - Sakura Petals\u00a0\u00bb a \u00e9t\u00e9 ajout\u00e9 \u00e0 votre panier\" role=\"button\" data-no-translation=\"\" data-trp-gettext=\"\" data-no-translation-aria-label=\"\" data-no-translation-data-success_message=\"\">Ajouter au panier<\/a>\t<span id=\"woocommerce_loop_add_to_cart_link_describedby_5745\" class=\"screen-reader-text\">\n\t\t\t<\/span>\n<\/div><\/div><\/li>\n<li class=\"product type-product post-6180 status-publish instock product_cat-scrubs product_cat-scrubs-lips has-post-thumbnail taxable shipping-taxable purchasable product-type-simple\">\n\t<div class=\"product-block\">        <div class=\"product-transition\"><div class=\"group-label\"><\/div><div class=\"product-image\"><img decoding=\"async\" width=\"330\" height=\"330\" src=\"https:\/\/baessentiel.ca\/wp-content\/uploads\/2026\/03\/1000015809-330x330.jpg\" class=\"attachment-woocommerce_thumbnail size-woocommerce_thumbnail\" alt=\"Lip Scrub \u2013 \u00c9clat d&#039;Orange\" srcset=\"https:\/\/baessentiel.ca\/wp-content\/uploads\/2026\/03\/1000015809-330x330.jpg 330w, https:\/\/baessentiel.ca\/wp-content\/uploads\/2026\/03\/1000015809-150x150.jpg 150w, https:\/\/baessentiel.ca\/wp-content\/uploads\/2026\/03\/1000015809-100x100.jpg 100w, https:\/\/baessentiel.ca\/wp-content\/uploads\/2026\/03\/1000015809-50x50.jpg 50w, https:\/\/baessentiel.ca\/wp-content\/uploads\/2026\/03\/1000015809-460x460.jpg 460w\" sizes=\"(max-width: 330px) 100vw, 330px\" \/><\/div>        <div class=\"group-action\">\n            <div class=\"shop-action\">\n                <button class=\"woosq-btn woosq-btn-6180\" data-id=\"6180\" data-effect=\"mfp-3d-unfold\" data-context=\"default\">Quick view<\/button>            <\/div>\n        <\/div>\n        <a href=\"https:\/\/baessentiel.ca\/fr\/produit\/lip-scrub-eclat-dorange\/\" class=\"woocommerce-LoopProduct-link woocommerce-loop-product__link\"><\/a><\/div>\n        <div class=\"product-caption\"><h3 class=\"woocommerce-loop-product__title\"><a href=\"https:\/\/baessentiel.ca\/fr\/produit\/lip-scrub-eclat-dorange\/\">Gommage \u00e0 l\u00e8vre - \u00c9clat d'Orange<\/a><\/h3>\n\t<span class=\"price\"><span class=\"woocommerce-Price-amount amount\"><bdi><span class=\"woocommerce-Price-currencySymbol\">&#36;<\/span>6.99<\/bdi><\/span><\/span>\n<a href=\"\/fr\/wp-json\/wp\/v2\/pages\/6303?add-to-cart=6180\" aria-describedby=\"woocommerce_loop_add_to_cart_link_describedby_6180\" data-quantity=\"1\" class=\"button product_type_simple add_to_cart_button ajax_add_to_cart\" data-product_id=\"6180\" data-product_sku=\"\" aria-label=\"Ajouter au panier\u00a0: \u201cLip Scrub \u2013 \u00c9clat d&#039;Orange\u201d\" rel=\"nofollow\" data-success_message=\"\u00ab\u00a0Lip Scrub \u2013 \u00c9clat d&#039;Orange\u00a0\u00bb a \u00e9t\u00e9 ajout\u00e9 \u00e0 votre panier\" role=\"button\" data-no-translation=\"\" data-trp-gettext=\"\" data-no-translation-aria-label=\"\" data-no-translation-data-success_message=\"\">Ajouter au panier<\/a>\t<span id=\"woocommerce_loop_add_to_cart_link_describedby_6180\" class=\"screen-reader-text\">\n\t\t\t<\/span>\n<\/div><\/div><\/li>\n<li class=\"product type-product post-6188 status-publish last instock product_cat-scrubs product_cat-scrubs-lips has-post-thumbnail taxable shipping-taxable purchasable product-type-simple\">\n\t<div class=\"product-block\">        <div class=\"product-transition\"><div class=\"group-label\"><\/div><div class=\"product-image\"><img decoding=\"async\" width=\"330\" height=\"330\" src=\"https:\/\/baessentiel.ca\/wp-content\/uploads\/2026\/03\/1000015811-330x330.jpg\" class=\"attachment-woocommerce_thumbnail size-woocommerce_thumbnail\" alt=\"Lip Srub - For\u00eat Aromatique\" srcset=\"https:\/\/baessentiel.ca\/wp-content\/uploads\/2026\/03\/1000015811-330x330.jpg 330w, https:\/\/baessentiel.ca\/wp-content\/uploads\/2026\/03\/1000015811-150x150.jpg 150w, https:\/\/baessentiel.ca\/wp-content\/uploads\/2026\/03\/1000015811-100x100.jpg 100w, https:\/\/baessentiel.ca\/wp-content\/uploads\/2026\/03\/1000015811-50x50.jpg 50w, https:\/\/baessentiel.ca\/wp-content\/uploads\/2026\/03\/1000015811-460x460.jpg 460w\" sizes=\"(max-width: 330px) 100vw, 330px\" \/><\/div>        <div class=\"group-action\">\n            <div class=\"shop-action\">\n                <button class=\"woosq-btn woosq-btn-6188\" data-id=\"6188\" data-effect=\"mfp-3d-unfold\" data-context=\"default\">Quick view<\/button>            <\/div>\n        <\/div>\n        <a href=\"https:\/\/baessentiel.ca\/fr\/produit\/lip-srub-foret-aromatique\/\" class=\"woocommerce-LoopProduct-link woocommerce-loop-product__link\"><\/a><\/div>\n        <div class=\"product-caption\"><h3 class=\"woocommerce-loop-product__title\"><a href=\"https:\/\/baessentiel.ca\/fr\/produit\/lip-srub-foret-aromatique\/\">Gommage l\u00e8vre - For\u00eat Aromatique<\/a><\/h3>\n\t<span class=\"price\"><span class=\"woocommerce-Price-amount amount\"><bdi><span class=\"woocommerce-Price-currencySymbol\">&#36;<\/span>6.99<\/bdi><\/span><\/span>\n<a href=\"\/fr\/wp-json\/wp\/v2\/pages\/6303?add-to-cart=6188\" aria-describedby=\"woocommerce_loop_add_to_cart_link_describedby_6188\" data-quantity=\"1\" class=\"button product_type_simple add_to_cart_button ajax_add_to_cart\" data-product_id=\"6188\" data-product_sku=\"\" aria-label=\"Ajouter au panier\u00a0: \u201cLip Srub - For\u00eat Aromatique\u201d\" rel=\"nofollow\" data-success_message=\"\u00ab\u00a0Lip Srub - For\u00eat Aromatique\u00a0\u00bb a \u00e9t\u00e9 ajout\u00e9 \u00e0 votre panier\" role=\"button\" data-no-translation=\"\" data-trp-gettext=\"\" data-no-translation-aria-label=\"\" data-no-translation-data-success_message=\"\">Ajouter au panier<\/a>\t<span id=\"woocommerce_loop_add_to_cart_link_describedby_6188\" class=\"screen-reader-text\">\n\t\t\t<\/span>\n<\/div><\/div><\/li>\n<li class=\"product type-product post-6202 status-publish first instock product_cat-scrubs product_cat-scrubs-lips has-post-thumbnail taxable shipping-taxable purchasable product-type-simple\">\n\t<div class=\"product-block\">        <div class=\"product-transition\"><div class=\"group-label\"><\/div><div class=\"product-image\"><img loading=\"lazy\" decoding=\"async\" width=\"330\" height=\"330\" src=\"https:\/\/baessentiel.ca\/wp-content\/uploads\/2026\/03\/1000015812-330x330.jpg\" class=\"attachment-woocommerce_thumbnail size-woocommerce_thumbnail\" alt=\"Lip Srub \u2013 Duo Botanique\" srcset=\"https:\/\/baessentiel.ca\/wp-content\/uploads\/2026\/03\/1000015812-330x330.jpg 330w, https:\/\/baessentiel.ca\/wp-content\/uploads\/2026\/03\/1000015812-150x150.jpg 150w, https:\/\/baessentiel.ca\/wp-content\/uploads\/2026\/03\/1000015812-100x100.jpg 100w, https:\/\/baessentiel.ca\/wp-content\/uploads\/2026\/03\/1000015812-50x50.jpg 50w, https:\/\/baessentiel.ca\/wp-content\/uploads\/2026\/03\/1000015812-460x460.jpg 460w\" sizes=\"(max-width: 330px) 100vw, 330px\" \/><\/div>        <div class=\"group-action\">\n            <div class=\"shop-action\">\n                <button class=\"woosq-btn woosq-btn-6202\" data-id=\"6202\" data-effect=\"mfp-3d-unfold\" data-context=\"default\">Quick view<\/button>            <\/div>\n        <\/div>\n        <a href=\"https:\/\/baessentiel.ca\/fr\/produit\/lip-srub-duo-botanique\/\" class=\"woocommerce-LoopProduct-link woocommerce-loop-product__link\"><\/a><\/div>\n        <div class=\"product-caption\"><h3 class=\"woocommerce-loop-product__title\"><a href=\"https:\/\/baessentiel.ca\/fr\/produit\/lip-srub-duo-botanique\/\">Gommage l\u00e8vre - Duo Botanique<\/a><\/h3>\n\t<span class=\"price\"><span class=\"woocommerce-Price-amount amount\"><bdi><span class=\"woocommerce-Price-currencySymbol\">&#36;<\/span>6.99<\/bdi><\/span><\/span>\n<a href=\"\/fr\/wp-json\/wp\/v2\/pages\/6303?add-to-cart=6202\" aria-describedby=\"woocommerce_loop_add_to_cart_link_describedby_6202\" data-quantity=\"1\" class=\"button product_type_simple add_to_cart_button ajax_add_to_cart\" data-product_id=\"6202\" data-product_sku=\"\" aria-label=\"Ajouter au panier\u00a0: \u201cLip Srub \u2013 Duo Botanique\u201d\" rel=\"nofollow\" data-success_message=\"\u00ab\u00a0Lip Srub \u2013 Duo Botanique\u00a0\u00bb a \u00e9t\u00e9 ajout\u00e9 \u00e0 votre panier\" role=\"button\" data-no-translation=\"\" data-trp-gettext=\"\" data-no-translation-aria-label=\"\" data-no-translation-data-success_message=\"\">Ajouter au panier<\/a>\t<span id=\"woocommerce_loop_add_to_cart_link_describedby_6202\" class=\"screen-reader-text\">\n\t\t\t<\/span>\n<\/div><\/div><\/li>\n<li class=\"product type-product post-6263 status-publish instock product_cat-candles has-post-thumbnail taxable shipping-taxable purchasable product-type-simple\">\n\t<div class=\"product-block\">        <div class=\"product-transition\"><div class=\"group-label\"><\/div><div class=\"product-image\"><img loading=\"lazy\" decoding=\"async\" width=\"330\" height=\"330\" src=\"https:\/\/baessentiel.ca\/wp-content\/uploads\/2026\/02\/20260207_130112-330x330.jpg\" class=\"attachment-woocommerce_thumbnail size-woocommerce_thumbnail\" alt=\"Handmade candle - Douceur Ros\u00e9e\" srcset=\"https:\/\/baessentiel.ca\/wp-content\/uploads\/2026\/02\/20260207_130112-330x330.jpg 330w, https:\/\/baessentiel.ca\/wp-content\/uploads\/2026\/02\/20260207_130112-150x150.jpg 150w, https:\/\/baessentiel.ca\/wp-content\/uploads\/2026\/02\/20260207_130112-100x100.jpg 100w, https:\/\/baessentiel.ca\/wp-content\/uploads\/2026\/02\/20260207_130112-50x50.jpg 50w, https:\/\/baessentiel.ca\/wp-content\/uploads\/2026\/02\/20260207_130112-460x460.jpg 460w\" sizes=\"(max-width: 330px) 100vw, 330px\" \/><\/div>        <div class=\"group-action\">\n            <div class=\"shop-action\">\n                <button class=\"woosq-btn woosq-btn-6263\" data-id=\"6263\" data-effect=\"mfp-3d-unfold\" data-context=\"default\">Quick view<\/button>            <\/div>\n        <\/div>\n        <a href=\"https:\/\/baessentiel.ca\/fr\/produit\/handmade-candle-douceur-rosee\/\" class=\"woocommerce-LoopProduct-link woocommerce-loop-product__link\"><\/a><\/div>\n        <div class=\"product-caption\"><h3 class=\"woocommerce-loop-product__title\"><a href=\"https:\/\/baessentiel.ca\/fr\/produit\/handmade-candle-douceur-rosee\/\">Bougie - Douceur Ros\u00e9e<\/a><\/h3>\n\t<span class=\"price\"><span class=\"woocommerce-Price-amount amount\"><bdi><span class=\"woocommerce-Price-currencySymbol\">&#36;<\/span>41.99<\/bdi><\/span><\/span>\n<a href=\"\/fr\/wp-json\/wp\/v2\/pages\/6303?add-to-cart=6263\" aria-describedby=\"woocommerce_loop_add_to_cart_link_describedby_6263\" data-quantity=\"1\" class=\"button product_type_simple add_to_cart_button ajax_add_to_cart\" data-product_id=\"6263\" data-product_sku=\"\" aria-label=\"Ajouter au panier\u00a0: \u201cHandmade candle - Douceur Ros\u00e9e\u201d\" rel=\"nofollow\" data-success_message=\"\u00ab\u00a0Handmade candle - Douceur Ros\u00e9e\u00a0\u00bb a \u00e9t\u00e9 ajout\u00e9 \u00e0 votre panier\" role=\"button\" data-no-translation=\"\" data-trp-gettext=\"\" data-no-translation-aria-label=\"\" data-no-translation-data-success_message=\"\">Ajouter au panier<\/a>\t<span id=\"woocommerce_loop_add_to_cart_link_describedby_6263\" class=\"screen-reader-text\">\n\t\t\t<\/span>\n<\/div><\/div><\/li>\n<li class=\"product type-product post-6284 status-publish last instock product_cat-candles has-post-thumbnail taxable shipping-taxable purchasable product-type-simple\">\n\t<div class=\"product-block\">        <div class=\"product-transition\"><div class=\"group-label\"><\/div><div class=\"product-image\"><img loading=\"lazy\" decoding=\"async\" width=\"330\" height=\"330\" src=\"https:\/\/baessentiel.ca\/wp-content\/uploads\/2026\/02\/20260207_130248-330x330.jpg\" class=\"attachment-woocommerce_thumbnail size-woocommerce_thumbnail\" alt=\"Handmade candle - Coeur Enchant\u00e9\" srcset=\"https:\/\/baessentiel.ca\/wp-content\/uploads\/2026\/02\/20260207_130248-330x330.jpg 330w, https:\/\/baessentiel.ca\/wp-content\/uploads\/2026\/02\/20260207_130248-150x150.jpg 150w, https:\/\/baessentiel.ca\/wp-content\/uploads\/2026\/02\/20260207_130248-100x100.jpg 100w, https:\/\/baessentiel.ca\/wp-content\/uploads\/2026\/02\/20260207_130248-50x50.jpg 50w, https:\/\/baessentiel.ca\/wp-content\/uploads\/2026\/02\/20260207_130248-460x460.jpg 460w\" sizes=\"(max-width: 330px) 100vw, 330px\" \/><\/div>        <div class=\"group-action\">\n            <div class=\"shop-action\">\n                <button class=\"woosq-btn woosq-btn-6284\" data-id=\"6284\" data-effect=\"mfp-3d-unfold\" data-context=\"default\">Quick view<\/button>            <\/div>\n        <\/div>\n        <a href=\"https:\/\/baessentiel.ca\/fr\/produit\/handmade-candle-coeur-enchante\/\" class=\"woocommerce-LoopProduct-link woocommerce-loop-product__link\"><\/a><\/div>\n        <div class=\"product-caption\"><h3 class=\"woocommerce-loop-product__title\"><a href=\"https:\/\/baessentiel.ca\/fr\/produit\/handmade-candle-coeur-enchante\/\">Bougie - Coeur Enchant\u00e9<\/a><\/h3>\n\t<span class=\"price\"><span class=\"woocommerce-Price-amount amount\"><bdi><span class=\"woocommerce-Price-currencySymbol\">&#36;<\/span>34.99<\/bdi><\/span><\/span>\n<a href=\"\/fr\/wp-json\/wp\/v2\/pages\/6303?add-to-cart=6284\" aria-describedby=\"woocommerce_loop_add_to_cart_link_describedby_6284\" data-quantity=\"1\" class=\"button product_type_simple add_to_cart_button ajax_add_to_cart\" data-product_id=\"6284\" data-product_sku=\"\" aria-label=\"Ajouter au panier\u00a0: \u201cHandmade candle - Coeur Enchant\u00e9\u201d\" rel=\"nofollow\" data-success_message=\"\u00ab\u00a0Handmade candle - Coeur Enchant\u00e9\u00a0\u00bb a \u00e9t\u00e9 ajout\u00e9 \u00e0 votre panier\" role=\"button\" data-no-translation=\"\" data-trp-gettext=\"\" data-no-translation-aria-label=\"\" data-no-translation-data-success_message=\"\">Ajouter au panier<\/a>\t<span id=\"woocommerce_loop_add_to_cart_link_describedby_6284\" class=\"screen-reader-text\">\n\t\t\t<\/span>\n<\/div><\/div><\/li>\n<\/ul>\n<\/div>\t\t\t\t<\/div>\n\t\t\t\t<\/div>\n\t\t\t\t\t<\/div>\n\t\t\t\t<\/div>\n\t\t\t\t<\/div>","protected":false},"excerpt":{"rendered":"<p>Quick view Handmade candle &#8211; Coeur Enchant\u00e9 &#36;34.99 Add to cart New! Quick view Handmade candle &#8211; Jardin Fruit\u00e9 &#36;33.99 Add to cart New! Quick view Handmade candle &#8211; Velours Frambois\u00e9 &#36;41.99 Add to cart Quick view Handmade Candle &#8211; Sakura Petals &#36;38.99 Add to cart Quick view Lip Scrub \u2013 \u00c9clat d&#8217;Orange &#36;6.99 Add [&hellip;]<\/p>\n","protected":false},"author":1,"featured_media":0,"parent":10,"menu_order":0,"comment_status":"closed","ping_status":"closed","template":"","meta":{"inline_featured_image":false,"footnotes":""},"class_list":["post-6303","page","type-page","status-publish","hentry"],"yoast_head":"<!-- This site is optimized with the Yoast SEO plugin v27.2 - https:\/\/yoast.com\/product\/yoast-seo-wordpress\/ -->\n<title>Best Sellers - BA Essentiel<\/title>\n<meta name=\"robots\" content=\"index, follow, max-snippet:-1, max-image-preview:large, max-video-preview:-1\" \/>\n<link rel=\"canonical\" href=\"https:\/\/baessentiel.ca\/fr\/shop\/best-sellers\/\" \/>\n<meta property=\"og:locale\" content=\"fr_CA\" \/>\n<meta property=\"og:type\" content=\"article\" \/>\n<meta property=\"og:title\" content=\"Best Sellers - BA Essentiel\" \/>\n<meta property=\"og:description\" content=\"Quick view Handmade candle &#8211; Coeur Enchant\u00e9 &#036;34.99 Add to cart New! Quick view Handmade candle &#8211; Jardin Fruit\u00e9 &#036;33.99 Add to cart New! Quick view Handmade candle &#8211; Velours Frambois\u00e9 &#036;41.99 Add to cart Quick view Handmade Candle &#8211; Sakura Petals &#036;38.99 Add to cart Quick view Lip Scrub \u2013 \u00c9clat d&#8217;Orange &#036;6.99 Add [&hellip;]\" \/>\n<meta property=\"og:url\" content=\"https:\/\/baessentiel.ca\/fr\/shop\/best-sellers\/\" \/>\n<meta property=\"og:site_name\" content=\"BA Essentiel\" \/>\n<meta property=\"article:modified_time\" content=\"2026-03-24T01:15:34+00:00\" \/>\n<meta property=\"og:image\" content=\"https:\/\/baessentiel.ca\/wp-content\/uploads\/2026\/02\/20260207_130248-330x330.jpg\" \/>\n<meta name=\"twitter:card\" content=\"summary_large_image\" \/>\n<meta name=\"twitter:label1\" content=\"Estimation du temps de lecture\" \/>\n\t<meta name=\"twitter:data1\" content=\"2 minutes\" \/>\n<script type=\"application\/ld+json\" class=\"yoast-schema-graph\">{\"@context\":\"https:\/\/schema.org\",\"@graph\":[{\"@type\":\"WebPage\",\"@id\":\"https:\/\/baessentiel.ca\/shop\/best-sellers\/\",\"url\":\"https:\/\/baessentiel.ca\/shop\/best-sellers\/\",\"name\":\"Best Sellers - BA Essentiel\",\"isPartOf\":{\"@id\":\"https:\/\/baessentiel.ca\/#website\"},\"primaryImageOfPage\":{\"@id\":\"https:\/\/baessentiel.ca\/shop\/best-sellers\/#primaryimage\"},\"image\":{\"@id\":\"https:\/\/baessentiel.ca\/shop\/best-sellers\/#primaryimage\"},\"thumbnailUrl\":\"https:\/\/baessentiel.ca\/wp-content\/uploads\/2026\/02\/20260207_130248-330x330.jpg\",\"datePublished\":\"2026-03-24T01:13:53+00:00\",\"dateModified\":\"2026-03-24T01:15:34+00:00\",\"breadcrumb\":{\"@id\":\"https:\/\/baessentiel.ca\/shop\/best-sellers\/#breadcrumb\"},\"inLanguage\":\"fr-CA\",\"potentialAction\":[{\"@type\":\"ReadAction\",\"target\":[\"https:\/\/baessentiel.ca\/shop\/best-sellers\/\"]}]},{\"@type\":\"ImageObject\",\"inLanguage\":\"fr-CA\",\"@id\":\"https:\/\/baessentiel.ca\/shop\/best-sellers\/#primaryimage\",\"url\":\"https:\/\/baessentiel.ca\/wp-content\/uploads\/2026\/02\/20260207_130248-330x330.jpg\",\"contentUrl\":\"https:\/\/baessentiel.ca\/wp-content\/uploads\/2026\/02\/20260207_130248-330x330.jpg\"},{\"@type\":\"BreadcrumbList\",\"@id\":\"https:\/\/baessentiel.ca\/shop\/best-sellers\/#breadcrumb\",\"itemListElement\":[{\"@type\":\"ListItem\",\"position\":1,\"name\":\"Home\",\"item\":\"https:\/\/baessentiel.ca\/\"},{\"@type\":\"ListItem\",\"position\":2,\"name\":\"Shop\",\"item\":\"https:\/\/baessentiel.ca\/shop\/\"},{\"@type\":\"ListItem\",\"position\":3,\"name\":\"Best Sellers\"}]},{\"@type\":\"WebSite\",\"@id\":\"https:\/\/baessentiel.ca\/#website\",\"url\":\"https:\/\/baessentiel.ca\/\",\"name\":\"BA Essentiel\",\"description\":\"Handmade artisanal candles and wellness products from Quebec.\",\"publisher\":{\"@id\":\"https:\/\/baessentiel.ca\/#organization\"},\"potentialAction\":[{\"@type\":\"SearchAction\",\"target\":{\"@type\":\"EntryPoint\",\"urlTemplate\":\"https:\/\/baessentiel.ca\/?s={search_term_string}\"},\"query-input\":{\"@type\":\"PropertyValueSpecification\",\"valueRequired\":true,\"valueName\":\"search_term_string\"}}],\"inLanguage\":\"fr-CA\"},{\"@type\":\"Organization\",\"@id\":\"https:\/\/baessentiel.ca\/#organization\",\"name\":\"BA Essentiel\",\"url\":\"https:\/\/baessentiel.ca\/\",\"logo\":{\"@type\":\"ImageObject\",\"inLanguage\":\"fr-CA\",\"@id\":\"https:\/\/baessentiel.ca\/#\/schema\/logo\/image\/\",\"url\":\"https:\/\/baessentiel.ca\/wp-content\/uploads\/2026\/02\/LogoEN-1.png\",\"contentUrl\":\"https:\/\/baessentiel.ca\/wp-content\/uploads\/2026\/02\/LogoEN-1.png\",\"width\":1082,\"height\":377,\"caption\":\"BA Essentiel\"},\"image\":{\"@id\":\"https:\/\/baessentiel.ca\/#\/schema\/logo\/image\/\"}}]}<\/script>\n<!-- \/ Yoast SEO plugin. -->","yoast_head_json":{"title":"Best Sellers - BA Essentiel","robots":{"index":"index","follow":"follow","max-snippet":"max-snippet:-1","max-image-preview":"max-image-preview:large","max-video-preview":"max-video-preview:-1"},"canonical":"https:\/\/baessentiel.ca\/fr\/shop\/best-sellers\/","og_locale":"fr_CA","og_type":"article","og_title":"Best Sellers - BA Essentiel","og_description":"Quick view Handmade candle &#8211; Coeur Enchant\u00e9 &#36;34.99 Add to cart New! Quick view Handmade candle &#8211; Jardin Fruit\u00e9 &#36;33.99 Add to cart New! Quick view Handmade candle &#8211; Velours Frambois\u00e9 &#36;41.99 Add to cart Quick view Handmade Candle &#8211; Sakura Petals &#36;38.99 Add to cart Quick view Lip Scrub \u2013 \u00c9clat d&#8217;Orange &#36;6.99 Add [&hellip;]","og_url":"https:\/\/baessentiel.ca\/fr\/shop\/best-sellers\/","og_site_name":"BA Essentiel","article_modified_time":"2026-03-24T01:15:34+00:00","og_image":[{"url":"https:\/\/baessentiel.ca\/wp-content\/uploads\/2026\/02\/20260207_130248-330x330.jpg","type":"","width":"","height":""}],"twitter_card":"summary_large_image","twitter_misc":{"Estimation du temps de lecture":"2 minutes"},"schema":{"@context":"https:\/\/schema.org","@graph":[{"@type":"WebPage","@id":"https:\/\/baessentiel.ca\/shop\/best-sellers\/","url":"https:\/\/baessentiel.ca\/shop\/best-sellers\/","name":"Best Sellers - BA Essentiel","isPartOf":{"@id":"https:\/\/baessentiel.ca\/#website"},"primaryImageOfPage":{"@id":"https:\/\/baessentiel.ca\/shop\/best-sellers\/#primaryimage"},"image":{"@id":"https:\/\/baessentiel.ca\/shop\/best-sellers\/#primaryimage"},"thumbnailUrl":"https:\/\/baessentiel.ca\/wp-content\/uploads\/2026\/02\/20260207_130248-330x330.jpg","datePublished":"2026-03-24T01:13:53+00:00","dateModified":"2026-03-24T01:15:34+00:00","breadcrumb":{"@id":"https:\/\/baessentiel.ca\/shop\/best-sellers\/#breadcrumb"},"inLanguage":"fr-CA","potentialAction":[{"@type":"ReadAction","target":["https:\/\/baessentiel.ca\/shop\/best-sellers\/"]}]},{"@type":"ImageObject","inLanguage":"fr-CA","@id":"https:\/\/baessentiel.ca\/shop\/best-sellers\/#primaryimage","url":"https:\/\/baessentiel.ca\/wp-content\/uploads\/2026\/02\/20260207_130248-330x330.jpg","contentUrl":"https:\/\/baessentiel.ca\/wp-content\/uploads\/2026\/02\/20260207_130248-330x330.jpg"},{"@type":"BreadcrumbList","@id":"https:\/\/baessentiel.ca\/shop\/best-sellers\/#breadcrumb","itemListElement":[{"@type":"ListItem","position":1,"name":"Home","item":"https:\/\/baessentiel.ca\/"},{"@type":"ListItem","position":2,"name":"Shop","item":"https:\/\/baessentiel.ca\/shop\/"},{"@type":"ListItem","position":3,"name":"Best Sellers"}]},{"@type":"WebSite","@id":"https:\/\/baessentiel.ca\/#website","url":"https:\/\/baessentiel.ca\/","name":"BA Essentiel","description":"Bougies artisanales et produits de bien-\u00eatre faits \u00e0 la main au Qu\u00e9bec.","publisher":{"@id":"https:\/\/baessentiel.ca\/#organization"},"potentialAction":[{"@type":"SearchAction","target":{"@type":"EntryPoint","urlTemplate":"https:\/\/baessentiel.ca\/?s={search_term_string}"},"query-input":{"@type":"PropertyValueSpecification","valueRequired":true,"valueName":"search_term_string"}}],"inLanguage":"fr-CA"},{"@type":"Organization","@id":"https:\/\/baessentiel.ca\/#organization","name":"BA Essentiel","url":"https:\/\/baessentiel.ca\/","logo":{"@type":"ImageObject","inLanguage":"fr-CA","@id":"https:\/\/baessentiel.ca\/#\/schema\/logo\/image\/","url":"https:\/\/baessentiel.ca\/wp-content\/uploads\/2026\/02\/LogoEN-1.png","contentUrl":"https:\/\/baessentiel.ca\/wp-content\/uploads\/2026\/02\/LogoEN-1.png","width":1082,"height":377,"caption":"BA Essentiel"},"image":{"@id":"https:\/\/baessentiel.ca\/#\/schema\/logo\/image\/"}}]}},"_links":{"self":[{"href":"https:\/\/baessentiel.ca\/fr\/wp-json\/wp\/v2\/pages\/6303","targetHints":{"allow":["GET"]}}],"collection":[{"href":"https:\/\/baessentiel.ca\/fr\/wp-json\/wp\/v2\/pages"}],"about":[{"href":"https:\/\/baessentiel.ca\/fr\/wp-json\/wp\/v2\/types\/page"}],"author":[{"embeddable":true,"href":"https:\/\/baessentiel.ca\/fr\/wp-json\/wp\/v2\/users\/1"}],"replies":[{"embeddable":true,"href":"https:\/\/baessentiel.ca\/fr\/wp-json\/wp\/v2\/comments?post=6303"}],"version-history":[{"count":4,"href":"https:\/\/baessentiel.ca\/fr\/wp-json\/wp\/v2\/pages\/6303\/revisions"}],"predecessor-version":[{"id":6307,"href":"https:\/\/baessentiel.ca\/fr\/wp-json\/wp\/v2\/pages\/6303\/revisions\/6307"}],"up":[{"embeddable":true,"href":"https:\/\/baessentiel.ca\/fr\/wp-json\/wp\/v2\/pages\/10"}],"wp:attachment":[{"href":"https:\/\/baessentiel.ca\/fr\/wp-json\/wp\/v2\/media?parent=6303"}],"curies":[{"name":"wp","href":"https:\/\/api.w.org\/{rel}","templated":true}]}}