{"id":91,"date":"2026-02-23T08:39:24","date_gmt":"2026-02-23T13:39:24","guid":{"rendered":"http:\/\/source.wpopal.com\/olars\/home-4\/"},"modified":"2026-03-27T07:35:13","modified_gmt":"2026-03-27T12:35:13","slug":"home","status":"publish","type":"page","link":"https:\/\/baessentiel.ca\/fr\/","title":{"rendered":"Accueil"},"content":{"rendered":"\t\t<div data-elementor-type=\"wp-page\" data-elementor-id=\"91\" class=\"elementor elementor-91\">\n\t\t\t\t\t\t<div class=\"elementor-section elementor-top-section elementor-element elementor-element-ebb9c62 elementor-section-stretched elementor-section-boxed elementor-section-height-default elementor-section-height-default\" data-id=\"ebb9c62\" data-element_type=\"section\" data-e-type=\"section\" data-settings=\"{&quot;stretch_section&quot;:&quot;section-stretched&quot;}\">\n\t\t\t\t\t\t<div class=\"elementor-container elementor-column-gap-no\">\n\t\t\t\t\t<div class=\"elementor-column elementor-col-100 elementor-top-column elementor-element elementor-element-6997b7a\" data-id=\"6997b7a\" data-element_type=\"column\" data-e-type=\"column\">\n\t\t\t<div class=\"elementor-widget-wrap elementor-element-populated\">\n\t\t\t\t\n\n\t\t<div class=\"elementor-element elementor-element-5b8291a elementor-widget elementor-widget-slider_revolution\" data-id=\"5b8291a\" data-element_type=\"widget\" data-e-type=\"widget\" data-widget_type=\"slider_revolution.default\">\n\t\t\t\t\t\n\t\t<div class=\"wp-block-themepunch-revslider\">\n\t\t\t\t<p class=\"rs-p-wp-fix\"><\/p>\n\t\t\t\t<sr7-module data-alias=\"slider-4\" data-id=\"1\" id=\"SR7_1_1\" class=\"rs-ov-hidden\" data-version=\"6.7.41\">\n\t\t\t\t\t<sr7-adjuster><\/sr7-adjuster>\n\t\t\t\t\t<sr7-content>\n\t\t\t\t\t\t<sr7-slide id=\"SR7_1_1-1\" data-key=\"1\">\n\t\t\t\t\t\t\t<sr7-bg id=\"SR7_1_1-1-38\" class=\"sr7-layer\"><noscript><img decoding=\"async\" src=\"https:\/\/baessentiel.ca\/wp-content\/uploads\/revslider\/slider-4\/rev_home4_1.jpg\" alt=\"\" title=\"rev_home4_1.jpg\"><\/noscript><\/sr7-bg>\n\t\t\t\t\t\t\t<h1 id=\"SR7_1_1-1-2\" class=\"sr7-layer\">Natural and soothing products designed to turn your routine into a true self-care ritual.<\/h1>\n\t\t\t\t\t\t\t<sr7-txt id=\"SR7_1_1-1-5\" class=\"sr7-layer\">\u2728 Create your moment of relaxation at home<\/sr7-txt>\n\t\t\t\t\t\t\t<a id=\"SR7_1_1-1-6\" class=\"sr7-layer\" href=\"\/shop\" target=\"_self\">Create my relaxing moment <i class=\"olars-icon-long-arrow-right\" style=\"font-size: 8px; margin-left:5px\"><\/i><\/a>\n\t\t\t\t\t\t\t<sr7-txt id=\"SR7_1_1-1-10\" class=\"sr7-layer\">Sale<\/sr7-txt>\n\t\t\t\t\t\t\t<sr7-txt id=\"SR7_1_1-1-15\" class=\"sr7-layer\">70%<\/sr7-txt>\n\t\t\t\t\t\t\t<a id=\"SR7_1_1-1-35\" class=\"sr7-layer\" href=\"\/shop\/best-sellers\/\" target=\"_self\">Shop the essentials\u200b  <i class=\"olars-icon-long-arrow-right\" style=\"font-size: 8px; margin-left:5px\"><\/i><\/a>\n\t\t\t\t\t\t<\/sr7-slide>\n\t\t\t\t\t\t<sr7-slide id=\"SR7_1_1-4\" data-key=\"4\">\n\t\t\t\t\t\t<\/sr7-slide>\n\t\t\t\t\t<\/sr7-content>\n\t\t\t\t\t<image_lists style=\"display:none\">\n\t\t\t\t\t\t<img data-src=\"\/\/baessentiel.ca\/wp-content\/uploads\/revslider\/slider-4\/rev_home4_1.jpg\" data-libid=\"5534\" data-lib=\"medialibrary\" title=\"rev_home4_1.jpg\" width=\"0\" height=\"0\" data-dbsrc=\"Ly9iYWVzc2VudGllbC5jYS93cC1jb250ZW50L3VwbG9hZHMvcmV2c2xpZGVyL3NsaWRlci00L3Jldl9ob21lNF8xLmpwZw==\"\/>\n\t\t\t\t\t\t<img data-src=\"\/\/baessentiel.ca\/wp-content\/uploads\/revslider\/slider-4\/rev_home4_2.jpg\" data-libid=\"5535\" data-lib=\"medialibrary\" title=\"rev_home4_2.jpg\" width=\"0\" height=\"0\" data-dbsrc=\"Ly9iYWVzc2VudGllbC5jYS93cC1jb250ZW50L3VwbG9hZHMvcmV2c2xpZGVyL3NsaWRlci00L3Jldl9ob21lNF8yLmpwZw==\"\/>\n\t\t\t\t\t\t<img data-src=\"\/\/baessentiel.ca\/wp-content\/uploads\/revslider\/slider-4\/rev_home4_3.jpg\" data-libid=\"5536\" data-lib=\"medialibrary\" title=\"rev_home4_3.jpg\" width=\"0\" height=\"0\" data-dbsrc=\"Ly9iYWVzc2VudGllbC5jYS93cC1jb250ZW50L3VwbG9hZHMvcmV2c2xpZGVyL3NsaWRlci00L3Jldl9ob21lNF8zLmpwZw==\"\/>\n\t\t\t\t\t<\/image_lists>\n\t\t\t\t<\/sr7-module>\n\t\t\t\t<script>\n\t\t\t\t\tSR7.PMH ??={}; SR7.PMH[\"SR7_1_1\"] = {cn:100,state:false,fn: function() { if (_tpt!==undefined && _tpt.prepareModuleHeight !== undefined) {  _tpt.prepareModuleHeight({id:\"SR7_1_1\",el:[850,850,800,700,600],type:'standard',shdw:'0',gh:[850,850,800,700,600],gw:[1605,1605,1024,778,480],vpt:['-200px&#039;,&#039;-200px&#039;,&#039;-200px&#039;,&#039;-200px&#039;,&#039;-200px'],size:{fullWidth:false, fullHeight:false},mh:'0',onh:0,onw:0,bg:{color:'{\"orig\":\"transparent\",\"type\":\"solid\",\"string\":\"transparent\"}'}});   SR7.PMH[\"SR7_1_1\"].state=true;} else if(SR7.PMH[\"SR7_1_1\"].cn-->0)\tsetTimeout( SR7.PMH[\"SR7_1_1\"].fn,19);}};SR7.PMH[\"SR7_1_1\" ].fn();\n\t\t\t\t<\/script>\n<\/div>\n\n\t\t\t\t\t\t<\/div>\n\t\t\t\t\t<\/div>\n\t\t<\/div>\n\t\t\t\t\t<\/div>\n\t\t<\/div>\n\t\t\t\t<div class=\"elementor-section elementor-top-section elementor-element elementor-element-401c6df elementor-section-full_width elementor-section-stretched elementor-section-height-default elementor-section-height-default\" data-id=\"401c6df\" data-element_type=\"section\" data-e-type=\"section\" data-settings=\"{&quot;stretch_section&quot;:&quot;section-stretched&quot;}\">\n\t\t\t\t\t\t<div class=\"elementor-container elementor-column-gap-no\">\n\t\t\t\t\t<div class=\"elementor-column elementor-col-50 elementor-top-column elementor-element elementor-element-7b61963\" data-id=\"7b61963\" data-element_type=\"column\" data-e-type=\"column\" data-settings=\"{&quot;background_background&quot;:&quot;classic&quot;}\">\n\t\t\t<div class=\"elementor-widget-wrap elementor-element-populated\">\n\t\t\t\t\t\t<div class=\"elementor-section elementor-inner-section elementor-element elementor-element-1c24481 elementor-section-full_width elementor-section-height-min-height elementor-section-height-default\" data-id=\"1c24481\" data-element_type=\"section\" data-e-type=\"section\" data-settings=\"{&quot;background_background&quot;:&quot;classic&quot;}\">\n\t\t\t\t\t\t<div class=\"elementor-container elementor-column-gap-no\">\n\t\t\t\t\t<div class=\"elementor-column elementor-col-100 elementor-inner-column elementor-element elementor-element-b0cbb95\" data-id=\"b0cbb95\" data-element_type=\"column\" data-e-type=\"column\">\n\t\t\t<div class=\"elementor-widget-wrap elementor-element-populated\">\n\t\t\t\t\t\t<div class=\"elementor-element elementor-element-6a9c22b elementor-widget elementor-widget-text-editor\" data-id=\"6a9c22b\" data-element_type=\"widget\" data-e-type=\"widget\" data-widget_type=\"text-editor.default\">\n\t\t\t\t\t\t\t\t\t<p>Monthly Deals<\/p>\t\t\t\t\t\t\t\t<\/div>\n\t\t\t\t<div class=\"elementor-element elementor-element-da40627 elementor-widget elementor-widget-heading\" data-id=\"da40627\" data-element_type=\"widget\" data-e-type=\"widget\" data-widget_type=\"heading.default\">\n\t\t\t\t\t<h2 class=\"elementor-heading-title elementor-size-default\">On Sale<\/h2>\t\t\t\t<\/div>\n\t\t\t\t<div class=\"elementor-element elementor-element-e1ac3ac elementor-widget elementor-widget-text-editor\" data-id=\"e1ac3ac\" data-element_type=\"widget\" data-e-type=\"widget\" data-widget_type=\"text-editor.default\">\n\t\t\t\t\t\t\t\t\t<p>Only Hours left to save on your favorite items!<\/p>\t\t\t\t\t\t\t\t<\/div>\n\t\t\t\t<div class=\"elementor-element elementor-element-c5d657e countdown-style-1 elementor-widget elementor-widget-olars-countdown\" data-id=\"c5d657e\" data-element_type=\"widget\" data-e-type=\"widget\" data-widget_type=\"olars-countdown.default\">\n\t\t\t\t<div class=\"elementor-widget-container\">\n\t\t\t\t\t        <div class=\"elementor-olars-countdown\" data-date=\"1779099420\">\n            <div class=\"elementor-countdown-item days\"><span class=\"elementor-countdown-digits elementor-countdown-days\"><\/span> <span class=\"elementor-countdown-label\">Days<\/span><\/div><div class=\"elementor-countdown-item hours\"><span class=\"elementor-countdown-digits elementor-countdown-hours\"><\/span> <span class=\"elementor-countdown-label\">Hours<\/span><\/div><div class=\"elementor-countdown-item minutes\"><span class=\"elementor-countdown-digits elementor-countdown-minutes\"><\/span> <span class=\"elementor-countdown-label\">Minutes<\/span><\/div><div class=\"elementor-countdown-item seconds\"><span class=\"elementor-countdown-digits elementor-countdown-seconds\"><\/span> <span class=\"elementor-countdown-label\">Seconds<\/span><\/div>        <\/div>\n        \t\t\t\t<\/div>\n\t\t\t\t<\/div>\n\t\t\t\t<div class=\"elementor-element elementor-element-8ff350a elementor-align-center elementor-widget elementor-widget-button\" data-id=\"8ff350a\" data-element_type=\"widget\" data-e-type=\"widget\" data-widget_type=\"button.default\">\n\t\t\t\t\t\t\t\t\t\t<a class=\"elementor-button elementor-button-link elementor-size-sm\" href=\"https:\/\/baessentiel.ca\/product-category\/deals\/\">\n\t\t\t\t\t\t<span class=\"elementor-button-content-wrapper\">\n\t\t\t\t\t\t<span class=\"elementor-button-icon\">\n\t\t\t\t<i aria-hidden=\"true\" class=\"olars-icon- olars-icon-long-arrow-right\"><\/i>\t\t\t<\/span>\n\t\t\t\t\t\t\t\t\t<span class=\"elementor-button-text\">Shop Now<\/span>\n\t\t\t\t\t<\/span>\n\t\t\t\t\t<\/a>\n\t\t\t\t\t\t\t\t<\/div>\n\t\t\t\t\t<\/div>\n\t\t<\/div>\n\t\t\t\t\t<\/div>\n\t\t<\/div>\n\t\t\t\t\t<\/div>\n\t\t<\/div>\n\t\t\t\t<div class=\"elementor-column elementor-col-50 elementor-top-column elementor-element elementor-element-a9b7267\" data-id=\"a9b7267\" data-element_type=\"column\" data-e-type=\"column\">\n\t\t\t<div class=\"elementor-widget-wrap elementor-element-populated\">\n\t\t\t\t\t\t<div class=\"elementor-element elementor-element-81f24e6 elementor-widget elementor-widget-olars-product-categories\" data-id=\"81f24e6\" data-element_type=\"widget\" data-e-type=\"widget\" data-widget_type=\"olars-product-categories.default\">\n\t\t\t\t<div class=\"elementor-widget-container\">\n\t\t\t\t\t        <div class=\"elementor-categories-item-wrapper\">\n            <div class=\"row layout-3\" data-elementor-columns=\"1\" data-elementor-columns-tablet=\"1\" data-elementor-columns-mobile=\"1\">\n                                <div class=\"column-item elementor-categories-item\">\n                                                                <div class=\"product-cat cate_image\">\n                                                            <a class=\"link_category_product\"\n                                   href=\"https:\/\/baessentiel.ca\/fr\/categorie-produit\/candles\/\"\n                                   title=\"Candles\">\n                                                                            <img decoding=\"async\" src=\"https:\/\/baessentiel.ca\/wp-content\/uploads\/2021\/10\/h4_image2.jpg\"\n                                             alt=\"Candles\">\n                                                                                                        <\/a>\n                                <div class=\"product-cat-caption\">\n                                    <div class=\"cat-title\">\n                                        <a href=\"https:\/\/baessentiel.ca\/fr\/categorie-produit\/candles\/\"\n                                           title=\"Candles\">\n                                            <span class=\"cat-title-text\">Candles<\/span>\n                                        <\/a>\n\n                                        \n                                        <div class=\"cat-info\">\n                                            <span class=\"cat-total\">5 products<\/span>\n                                            <a class=\"cat-viewall\" href=\"https:\/\/baessentiel.ca\/fr\/categorie-produit\/candles\/\">View all                                                <i class=\"olars-icon-long-arrow-right\"><\/i><\/a>\n\n                                        <\/div>\n                                    <\/div>\n                                <\/div>\n                            <\/div>\n                                            <\/div>\n                                    <div class=\"column-item elementor-categories-item\">\n                                                                <div class=\"product-cat cate_image\">\n                                                            <a class=\"link_category_product\"\n                                   href=\"https:\/\/baessentiel.ca\/fr\/categorie-produit\/scrubs\/\"\n                                   title=\"Scrubs\">\n                                                                            <img decoding=\"async\" src=\"https:\/\/baessentiel.ca\/wp-content\/uploads\/2021\/10\/h4_image3.jpg\"\n                                             alt=\"Scrubs\">\n                                                                                                        <\/a>\n                                <div class=\"product-cat-caption\">\n                                    <div class=\"cat-title\">\n                                        <a href=\"https:\/\/baessentiel.ca\/fr\/categorie-produit\/scrubs\/\"\n                                           title=\"Scrubs\">\n                                            <span class=\"cat-title-text\">Scrubs<\/span>\n                                        <\/a>\n\n                                        \n                                        <div class=\"cat-info\">\n                                            <span class=\"cat-total\">3 products<\/span>\n                                            <a class=\"cat-viewall\" href=\"https:\/\/baessentiel.ca\/fr\/categorie-produit\/scrubs\/\">View all                                                <i class=\"olars-icon-long-arrow-right\"><\/i><\/a>\n\n                                        <\/div>\n                                    <\/div>\n                                <\/div>\n                            <\/div>\n                                            <\/div>\n                                    <\/div>\n            <\/div>\n            \t\t\t\t<\/div>\n\t\t\t\t<\/div>\n\t\t\t\t\t<\/div>\n\t\t<\/div>\n\t\t\t\t\t<\/div>\n\t\t<\/div>\n\t\t\t\t<div class=\"elementor-section elementor-top-section elementor-element elementor-element-9ea9dda elementor-section-full_width elementor-section-stretched elementor-section-height-default elementor-section-height-default\" data-id=\"9ea9dda\" data-element_type=\"section\" data-e-type=\"section\" data-settings=\"{&quot;stretch_section&quot;:&quot;section-stretched&quot;}\">\n\t\t\t\t\t\t<div class=\"elementor-container elementor-column-gap-no\">\n\t\t\t\t\t<div class=\"elementor-column elementor-col-100 elementor-top-column elementor-element elementor-element-2b9d751\" data-id=\"2b9d751\" data-element_type=\"column\" data-e-type=\"column\">\n\t\t\t<div class=\"elementor-widget-wrap elementor-element-populated\">\n\t\t\t\t\t\t<div class=\"elementor-element elementor-element-3f13943 elementor-widget elementor-widget-olars-product-categories\" data-id=\"3f13943\" data-element_type=\"widget\" data-e-type=\"widget\" data-widget_type=\"olars-product-categories.default\">\n\t\t\t\t<div class=\"elementor-widget-container\">\n\t\t\t\t\t        <div class=\"elementor-categories-item-wrapper\">\n            <div class=\"row layout-3\" data-elementor-columns=\"3\" data-elementor-columns-tablet=\"3\" data-elementor-columns-mobile=\"1\">\n                                <div class=\"column-item elementor-categories-item\">\n                                        <\/div>\n                                    <div class=\"column-item elementor-categories-item\">\n                                        <\/div>\n                                    <div class=\"column-item elementor-categories-item\">\n                                        <\/div>\n                                    <\/div>\n            <\/div>\n            \t\t\t\t<\/div>\n\t\t\t\t<\/div>\n\t\t\t\t\t<\/div>\n\t\t<\/div>\n\t\t\t\t\t<\/div>\n\t\t<\/div>\n\t\t\t\t<\/div>\n\t\t","protected":false},"excerpt":{"rendered":"<p>Monthly Deals On Sale Only Hours left to save on your favorite items! Days Hours Minutes Seconds Shop Now Candles 5 products View all Scrubs 3 products View all<\/p>","protected":false},"author":1,"featured_media":0,"parent":0,"menu_order":0,"comment_status":"closed","ping_status":"closed","template":"template-header_sidebar.php","meta":{"inline_featured_image":false,"footnotes":""},"class_list":["post-91","page","type-page","status-publish","hentry"],"yoast_head":"<!-- This site is optimized with the Yoast SEO plugin v27.2 - https:\/\/yoast.com\/product\/yoast-seo-wordpress\/ -->\n<title>Home - BA Essentiel<\/title>\n<meta name=\"robots\" content=\"index, follow, max-snippet:-1, max-image-preview:large, max-video-preview:-1\" \/>\n<link rel=\"canonical\" href=\"https:\/\/baessentiel.ca\/fr\/\" \/>\n<meta property=\"og:locale\" content=\"fr_CA\" \/>\n<meta property=\"og:type\" content=\"article\" \/>\n<meta property=\"og:title\" content=\"Home - BA Essentiel\" \/>\n<meta property=\"og:description\" content=\"Monthly Deals On Sale Only Hours left to save on your favorite items! Days Hours Minutes Seconds Shop Now Candles 5 products View all Scrubs 3 products View all\" \/>\n<meta property=\"og:url\" content=\"https:\/\/baessentiel.ca\/fr\/\" \/>\n<meta property=\"og:site_name\" content=\"BA Essentiel\" \/>\n<meta property=\"article:modified_time\" content=\"2026-03-27T12:35:13+00:00\" \/>\n<meta property=\"og:image\" content=\"https:\/\/baessentiel.ca\/wp-content\/uploads\/2021\/10\/h4_image2.jpg\" \/>\n<meta name=\"twitter:card\" content=\"summary_large_image\" \/>\n<meta name=\"twitter:label1\" content=\"Estimation du temps de lecture\" \/>\n\t<meta name=\"twitter:data1\" content=\"1 minute\" \/>\n<script type=\"application\/ld+json\" class=\"yoast-schema-graph\">{\"@context\":\"https:\/\/schema.org\",\"@graph\":[{\"@type\":\"WebPage\",\"@id\":\"https:\/\/baessentiel.ca\/\",\"url\":\"https:\/\/baessentiel.ca\/\",\"name\":\"Home - BA Essentiel\",\"isPartOf\":{\"@id\":\"https:\/\/baessentiel.ca\/#website\"},\"primaryImageOfPage\":{\"@id\":\"https:\/\/baessentiel.ca\/#primaryimage\"},\"image\":{\"@id\":\"https:\/\/baessentiel.ca\/#primaryimage\"},\"thumbnailUrl\":\"https:\/\/baessentiel.ca\/wp-content\/uploads\/2021\/10\/h4_image2.jpg\",\"datePublished\":\"2026-02-23T13:39:24+00:00\",\"dateModified\":\"2026-03-27T12:35:13+00:00\",\"breadcrumb\":{\"@id\":\"https:\/\/baessentiel.ca\/#breadcrumb\"},\"inLanguage\":\"fr-CA\",\"potentialAction\":[{\"@type\":\"ReadAction\",\"target\":[\"https:\/\/baessentiel.ca\/\"]}]},{\"@type\":\"ImageObject\",\"inLanguage\":\"fr-CA\",\"@id\":\"https:\/\/baessentiel.ca\/#primaryimage\",\"url\":\"https:\/\/baessentiel.ca\/wp-content\/uploads\/2021\/10\/h4_image2.jpg\",\"contentUrl\":\"https:\/\/baessentiel.ca\/wp-content\/uploads\/2021\/10\/h4_image2.jpg\"},{\"@type\":\"BreadcrumbList\",\"@id\":\"https:\/\/baessentiel.ca\/#breadcrumb\",\"itemListElement\":[{\"@type\":\"ListItem\",\"position\":1,\"name\":\"Home\",\"item\":\"https:\/\/baessentiel.ca\/\"},{\"@type\":\"ListItem\",\"position\":2,\"name\":\"Home\"}]},{\"@type\":\"WebSite\",\"@id\":\"https:\/\/baessentiel.ca\/#website\",\"url\":\"https:\/\/baessentiel.ca\/\",\"name\":\"BA Essentiel\",\"description\":\"Handmade artisanal candles and wellness products from Quebec.\",\"publisher\":{\"@id\":\"https:\/\/baessentiel.ca\/#organization\"},\"potentialAction\":[{\"@type\":\"SearchAction\",\"target\":{\"@type\":\"EntryPoint\",\"urlTemplate\":\"https:\/\/baessentiel.ca\/?s={search_term_string}\"},\"query-input\":{\"@type\":\"PropertyValueSpecification\",\"valueRequired\":true,\"valueName\":\"search_term_string\"}}],\"inLanguage\":\"fr-CA\"},{\"@type\":\"Organization\",\"@id\":\"https:\/\/baessentiel.ca\/#organization\",\"name\":\"BA Essentiel\",\"url\":\"https:\/\/baessentiel.ca\/\",\"logo\":{\"@type\":\"ImageObject\",\"inLanguage\":\"fr-CA\",\"@id\":\"https:\/\/baessentiel.ca\/#\/schema\/logo\/image\/\",\"url\":\"https:\/\/baessentiel.ca\/wp-content\/uploads\/2026\/02\/LogoEN-1.png\",\"contentUrl\":\"https:\/\/baessentiel.ca\/wp-content\/uploads\/2026\/02\/LogoEN-1.png\",\"width\":1082,\"height\":377,\"caption\":\"BA Essentiel\"},\"image\":{\"@id\":\"https:\/\/baessentiel.ca\/#\/schema\/logo\/image\/\"}}]}<\/script>\n<!-- \/ Yoast SEO plugin. -->","yoast_head_json":{"title":"Home - BA Essentiel","robots":{"index":"index","follow":"follow","max-snippet":"max-snippet:-1","max-image-preview":"max-image-preview:large","max-video-preview":"max-video-preview:-1"},"canonical":"https:\/\/baessentiel.ca\/fr\/","og_locale":"fr_CA","og_type":"article","og_title":"Home - BA Essentiel","og_description":"Monthly Deals On Sale Only Hours left to save on your favorite items! Days Hours Minutes Seconds Shop Now Candles 5 products View all Scrubs 3 products View all","og_url":"https:\/\/baessentiel.ca\/fr\/","og_site_name":"BA Essentiel","article_modified_time":"2026-03-27T12:35:13+00:00","og_image":[{"url":"https:\/\/baessentiel.ca\/wp-content\/uploads\/2021\/10\/h4_image2.jpg","type":"","width":"","height":""}],"twitter_card":"summary_large_image","twitter_misc":{"Estimation du temps de lecture":"1 minute"},"schema":{"@context":"https:\/\/schema.org","@graph":[{"@type":"WebPage","@id":"https:\/\/baessentiel.ca\/","url":"https:\/\/baessentiel.ca\/","name":"Home - BA Essentiel","isPartOf":{"@id":"https:\/\/baessentiel.ca\/#website"},"primaryImageOfPage":{"@id":"https:\/\/baessentiel.ca\/#primaryimage"},"image":{"@id":"https:\/\/baessentiel.ca\/#primaryimage"},"thumbnailUrl":"https:\/\/baessentiel.ca\/wp-content\/uploads\/2021\/10\/h4_image2.jpg","datePublished":"2026-02-23T13:39:24+00:00","dateModified":"2026-03-27T12:35:13+00:00","breadcrumb":{"@id":"https:\/\/baessentiel.ca\/#breadcrumb"},"inLanguage":"fr-CA","potentialAction":[{"@type":"ReadAction","target":["https:\/\/baessentiel.ca\/"]}]},{"@type":"ImageObject","inLanguage":"fr-CA","@id":"https:\/\/baessentiel.ca\/#primaryimage","url":"https:\/\/baessentiel.ca\/wp-content\/uploads\/2021\/10\/h4_image2.jpg","contentUrl":"https:\/\/baessentiel.ca\/wp-content\/uploads\/2021\/10\/h4_image2.jpg"},{"@type":"BreadcrumbList","@id":"https:\/\/baessentiel.ca\/#breadcrumb","itemListElement":[{"@type":"ListItem","position":1,"name":"Home","item":"https:\/\/baessentiel.ca\/"},{"@type":"ListItem","position":2,"name":"Home"}]},{"@type":"WebSite","@id":"https:\/\/baessentiel.ca\/#website","url":"https:\/\/baessentiel.ca\/","name":"BA Essentiel","description":"Bougies artisanales et produits de bien-\u00eatre faits \u00e0 la main au Qu\u00e9bec.","publisher":{"@id":"https:\/\/baessentiel.ca\/#organization"},"potentialAction":[{"@type":"SearchAction","target":{"@type":"EntryPoint","urlTemplate":"https:\/\/baessentiel.ca\/?s={search_term_string}"},"query-input":{"@type":"PropertyValueSpecification","valueRequired":true,"valueName":"search_term_string"}}],"inLanguage":"fr-CA"},{"@type":"Organization","@id":"https:\/\/baessentiel.ca\/#organization","name":"BA Essentiel","url":"https:\/\/baessentiel.ca\/","logo":{"@type":"ImageObject","inLanguage":"fr-CA","@id":"https:\/\/baessentiel.ca\/#\/schema\/logo\/image\/","url":"https:\/\/baessentiel.ca\/wp-content\/uploads\/2026\/02\/LogoEN-1.png","contentUrl":"https:\/\/baessentiel.ca\/wp-content\/uploads\/2026\/02\/LogoEN-1.png","width":1082,"height":377,"caption":"BA Essentiel"},"image":{"@id":"https:\/\/baessentiel.ca\/#\/schema\/logo\/image\/"}}]}},"_links":{"self":[{"href":"https:\/\/baessentiel.ca\/fr\/wp-json\/wp\/v2\/pages\/91","targetHints":{"allow":["GET"]}}],"collection":[{"href":"https:\/\/baessentiel.ca\/fr\/wp-json\/wp\/v2\/pages"}],"about":[{"href":"https:\/\/baessentiel.ca\/fr\/wp-json\/wp\/v2\/types\/page"}],"author":[{"embeddable":true,"href":"https:\/\/baessentiel.ca\/fr\/wp-json\/wp\/v2\/users\/1"}],"replies":[{"embeddable":true,"href":"https:\/\/baessentiel.ca\/fr\/wp-json\/wp\/v2\/comments?post=91"}],"version-history":[{"count":40,"href":"https:\/\/baessentiel.ca\/fr\/wp-json\/wp\/v2\/pages\/91\/revisions"}],"predecessor-version":[{"id":6318,"href":"https:\/\/baessentiel.ca\/fr\/wp-json\/wp\/v2\/pages\/91\/revisions\/6318"}],"wp:attachment":[{"href":"https:\/\/baessentiel.ca\/fr\/wp-json\/wp\/v2\/media?parent=91"}],"curies":[{"name":"wp","href":"https:\/\/api.w.org\/{rel}","templated":true}]}}