{"id":96,"date":"2026-02-23T08:39:24","date_gmt":"2026-02-23T13:39:24","guid":{"rendered":"http:\/\/source.wpopal.com\/olars\/about-us-2\/"},"modified":"2026-03-03T12:26:19","modified_gmt":"2026-03-03T17:26:19","slug":"about-us","status":"publish","type":"page","link":"https:\/\/baessentiel.ca\/fr\/about-us\/","title":{"rendered":"\u00c0 propos"},"content":{"rendered":"<div data-elementor-type=\"wp-page\" data-elementor-id=\"96\" class=\"elementor elementor-96\">\n\t\t\t\t\t\t<div class=\"elementor-section elementor-top-section elementor-element elementor-element-4d1eac0 elementor-section-stretched elementor-section-boxed elementor-section-height-default elementor-section-height-default\" data-id=\"4d1eac0\" data-element_type=\"section\" data-e-type=\"section\" data-settings=\"{&quot;stretch_section&quot;:&quot;section-stretched&quot;,&quot;background_background&quot;:&quot;classic&quot;}\">\n\t\t\t\t\t\t<div class=\"elementor-container elementor-column-gap-no\">\n\t\t\t\t\t<div class=\"elementor-column elementor-col-100 elementor-top-column elementor-element elementor-element-c36d62a\" data-id=\"c36d62a\" data-element_type=\"column\" data-e-type=\"column\">\n\t\t\t<div class=\"elementor-widget-wrap elementor-element-populated\">\n\t\t\t\t\t\t<div class=\"elementor-element elementor-element-a638f18 elementor-widget elementor-widget-heading\" data-id=\"a638f18\" data-element_type=\"widget\" data-e-type=\"widget\" data-widget_type=\"heading.default\">\n\t\t\t\t\t<h2 class=\"elementor-heading-title elementor-size-default\">Artisan au Qu\u00e9bec pour vous<\/h2>\t\t\t\t<\/div>\n\t\t\t\t<div class=\"elementor-element elementor-element-fc69bab elementor-widget elementor-widget-heading\" data-id=\"fc69bab\" data-element_type=\"widget\" data-e-type=\"widget\" data-widget_type=\"heading.default\">\n\t\t\t\t\t<h1 class=\"elementor-heading-title elementor-size-default\">\u00c0 propos de BA Essentiel<\/h1>\t\t\t\t<\/div>\n\t\t\n\n\t\t<div class=\"elementor-section elementor-inner-section elementor-element elementor-element-9a9aea9 elementor-section-boxed elementor-section-height-default elementor-section-height-default\" data-id=\"9a9aea9\" data-element_type=\"section\" data-e-type=\"section\">\n\t\t\t\t\t\t<div class=\"elementor-container elementor-column-gap-no\">\n\t\t\t\t\t<div class=\"elementor-column elementor-col-33 elementor-inner-column elementor-element elementor-element-f5dd315\" data-id=\"f5dd315\" data-element_type=\"column\" data-e-type=\"column\">\n\t\t\t<div class=\"elementor-widget-wrap elementor-element-populated\">\n\t\t\t\t\t\t<div class=\"elementor-element elementor-element-60ab5c7 elementor-widget elementor-widget-image\" data-id=\"60ab5c7\" data-element_type=\"widget\" data-e-type=\"widget\" data-widget_type=\"image.default\">\n\t\t\t\t\t\t\t\t\t\t\t\t\t\t\t<img fetchpriority=\"high\" decoding=\"async\" width=\"410\" height=\"300\" src=\"https:\/\/baessentiel.ca\/wp-content\/uploads\/2021\/10\/about_img-9.jpg\" class=\"attachment-full size-full wp-image-1493\" alt=\"\" srcset=\"https:\/\/baessentiel.ca\/wp-content\/uploads\/2021\/10\/about_img-9.jpg 410w, https:\/\/baessentiel.ca\/wp-content\/uploads\/2021\/10\/about_img-9-300x220.jpg 300w\" sizes=\"(max-width: 410px) 100vw, 410px\" \/>\t\t\t\t\t\t\t\t\t\t\t\t\t\t\t<\/div>\n\t\t\t\t<div class=\"elementor-element elementor-element-3d435f7 elementor-widget elementor-widget-heading\" data-id=\"3d435f7\" data-element_type=\"widget\" data-e-type=\"widget\" data-widget_type=\"heading.default\">\n\t\t\t\t\t<h2 class=\"elementor-heading-title elementor-size-default\">Derri\u00e8re BA Essentiel<\/h2>\t\t\t\t<\/div>\n\t\t\t\t<div class=\"elementor-element elementor-element-e616ca1 elementor-widget-tablet__width-inherit elementor-widget__width-inherit elementor-widget elementor-widget-text-editor\" data-id=\"e616ca1\" data-element_type=\"widget\" data-e-type=\"widget\" data-widget_type=\"text-editor.default\">\n\t\t\t\t\t\t\t\t\t<p data-start=\"288\" data-end=\"356\">Mon nom est <strong data-start=\"299\" data-end=\"317\">Shana Beaulieu<\/strong>et je suis le fondateur de BA Essentiel.<\/p><p data-start=\"358\" data-end=\"576\">En 2025, jeune maman passionn\u00e9e de bien-\u00eatre et de cr\u00e9ativit\u00e9, j'ai d\u00e9cid\u00e9 de concr\u00e9tiser ma passion et de lui donner du sens. Entre le quotidien, les responsabilit\u00e9s et mes r\u00eaves, BA Essentiel a vu le jour.<\/p><p data-start=\"578\" data-end=\"731\">This brand represents more than products.<br data-start=\"619\" data-end=\"622\" \/>Elle repr\u00e9sente l'intention, la r\u00e9silience, la douceur et la conviction que de petits rituels peuvent transformer le quotidien.<\/p>\t\t\t\t\t\t\t\t<\/div>\n\t\t\t\t\t<\/div>\n\t\t<\/div>\n\t\t\t\t<div class=\"elementor-column elementor-col-33 elementor-inner-column elementor-element elementor-element-7d410e3\" data-id=\"7d410e3\" data-element_type=\"column\" data-e-type=\"column\">\n\t\t\t<div class=\"elementor-widget-wrap elementor-element-populated\">\n\t\t\t\t\t\t<div class=\"elementor-element elementor-element-fe73aa1 elementor-widget elementor-widget-image\" data-id=\"fe73aa1\" data-element_type=\"widget\" data-e-type=\"widget\" data-widget_type=\"image.default\">\n\t\t\t\t\t\t\t\t\t\t\t\t\t\t\t<img decoding=\"async\" width=\"410\" height=\"300\" src=\"https:\/\/baessentiel.ca\/wp-content\/uploads\/2021\/10\/about_img-10.jpg\" class=\"attachment-full size-full wp-image-1494\" alt=\"\" srcset=\"https:\/\/baessentiel.ca\/wp-content\/uploads\/2021\/10\/about_img-10.jpg 410w, https:\/\/baessentiel.ca\/wp-content\/uploads\/2021\/10\/about_img-10-300x220.jpg 300w\" sizes=\"(max-width: 410px) 100vw, 410px\" \/>\t\t\t\t\t\t\t\t\t\t\t\t\t\t\t<\/div>\n\t\t\t\t<div class=\"elementor-element elementor-element-af78889 elementor-widget elementor-widget-heading\" data-id=\"af78889\" data-element_type=\"widget\" data-e-type=\"widget\" data-widget_type=\"heading.default\">\n\t\t\t\t\t<h2 class=\"elementor-heading-title elementor-size-default\">Notre Vision<\/h2>\t\t\t\t<\/div>\n\t\t\t\t<div class=\"elementor-element elementor-element-75268eb elementor-widget-tablet__width-inherit elementor-widget__width-inherit elementor-widget elementor-widget-text-editor\" data-id=\"75268eb\" data-element_type=\"widget\" data-e-type=\"widget\" data-widget_type=\"text-editor.default\">\n\t\t\t\t\t\t\t\t\t<p data-start=\"759\" data-end=\"877\">Chez BA Essentiel, nous cr\u00e9ons des <strong data-start=\"786\" data-end=\"836\">produits de bien-\u00eatre artisanaux faits \u00e0 la main au Qu\u00e9bec<\/strong>, crafted with care, patience, and heart.<\/p><p data-start=\"879\" data-end=\"1015\">Notre mission est simple :<br data-start=\"901\" data-end=\"904\" \/>Proposer des cr\u00e9ations r\u00e9confortantes et de grande qualit\u00e9 qui vous invitent \u00e0 ralentir, \u00e0 respirer et \u00e0 vous reconnecter \u00e0 vous-m\u00eame.<\/p><p data-start=\"1017\" data-end=\"1142\">Nous pensons que le bien-\u00eatre ne devrait jamais \u00eatre consid\u00e9r\u00e9 comme hors de port\u00e9e.<br data-start=\"1075\" data-end=\"1078\" \/>Elle doit \u00eatre accessible, naturelle et faire partie de votre rythme quotidien.<\/p>\t\t\t\t\t\t\t\t<\/div>\n\t\t\t\t\t<\/div>\n\t\t<\/div>\n\t\t\t\t<div class=\"elementor-column elementor-col-33 elementor-inner-column elementor-element elementor-element-91e97bf\" data-id=\"91e97bf\" data-element_type=\"column\" data-e-type=\"column\">\n\t\t\t<div class=\"elementor-widget-wrap elementor-element-populated\">\n\t\t\t\t\t\t<div class=\"elementor-element elementor-element-7a989f2 elementor-widget elementor-widget-image\" data-id=\"7a989f2\" data-element_type=\"widget\" data-e-type=\"widget\" data-widget_type=\"image.default\">\n\t\t\t\t\t\t\t\t\t\t\t\t\t\t\t<img decoding=\"async\" width=\"410\" height=\"300\" src=\"https:\/\/baessentiel.ca\/wp-content\/uploads\/2021\/10\/about_img-11.jpg\" class=\"attachment-full size-full wp-image-1495\" alt=\"\" srcset=\"https:\/\/baessentiel.ca\/wp-content\/uploads\/2021\/10\/about_img-11.jpg 410w, https:\/\/baessentiel.ca\/wp-content\/uploads\/2021\/10\/about_img-11-300x220.jpg 300w\" sizes=\"(max-width: 410px) 100vw, 410px\" \/>\t\t\t\t\t\t\t\t\t\t\t\t\t\t\t<\/div>\n\t\t\t\t<div class=\"elementor-element elementor-element-361cfc9 elementor-widget elementor-widget-heading\" data-id=\"361cfc9\" data-element_type=\"widget\" data-e-type=\"widget\" data-widget_type=\"heading.default\">\n\t\t\t\t\t<h2 class=\"elementor-heading-title elementor-size-default\">Nos Cr\u00e9ations<\/h2>\t\t\t\t<\/div>\n\t\t\t\t<div class=\"elementor-element elementor-element-0b16ca7 elementor-widget-tablet__width-inherit elementor-widget__width-inherit elementor-widget elementor-widget-text-editor\" data-id=\"0b16ca7\" data-element_type=\"widget\" data-e-type=\"widget\" data-widget_type=\"text-editor.default\">\n\t\t\t\t\t\t\t\t\t<p data-start=\"1172\" data-end=\"1289\">Chez BA Essentiel, chaque cr\u00e9ation est une invitation au confort et au raffinement. Nous \u00e9laborons des produits de bain artisanaux et des bougies parfum\u00e9es faites \u00e0 la main, con\u00e7us pour transformer votre routine quotidienne en un rituel de bien-\u00eatre enveloppant.<br \/>Chaque produit est :<\/p><ul><li>Fabriqu\u00e9s avec soin en petites quantit\u00e9s et avec une attention m\u00e9ticuleuse<\/li><li>Fabriqu\u00e9 avec des ingr\u00e9dients soigneusement s\u00e9lectionn\u00e9s<\/li><li>Con\u00e7u pour offrir chaleur, d\u00e9tente et \u00e9l\u00e9gance<\/li><\/ul><p>Chaque pi\u00e8ce incarne une pause pr\u00e9cieuse \u2014 un moment de douceur con\u00e7u pour sublimer votre quotidien.<\/p>\t\t\t\t\t\t\t\t<\/div>\n\t\t\t\t\t<\/div>\n\t\t<\/div>\n\t\t\t\t\t<\/div>\n\t\t<\/div>\n\t\t\t\t\t<\/div>\n\t\t<\/div>\n\t\t\t\t\t<\/div>\n\t\t<\/div>\n\t\t\t\t<div class=\"elementor-section elementor-top-section elementor-element elementor-element-9f82af5 elementor-section-stretched elementor-section-boxed elementor-section-height-default elementor-section-height-default\" data-id=\"9f82af5\" data-element_type=\"section\" data-e-type=\"section\" data-settings=\"{&quot;stretch_section&quot;:&quot;section-stretched&quot;,&quot;background_background&quot;:&quot;classic&quot;}\">\n\t\t\t\t\t\t\t<div class=\"elementor-background-overlay\"><\/div>\n\t\t\t\t\t\t\t<div class=\"elementor-container elementor-column-gap-no\">\n\t\t\t\t\t<div class=\"elementor-column elementor-col-50 elementor-top-column elementor-element elementor-element-57b129b\" data-id=\"57b129b\" data-element_type=\"column\" data-e-type=\"column\">\n\t\t\t<div class=\"elementor-widget-wrap elementor-element-populated\">\n\t\t\t\t\t\t<div class=\"elementor-element elementor-element-f9f0446 elementor-widget__width-initial elementor-widget-tablet__width-inherit elementor-widget elementor-widget-heading\" data-id=\"f9f0446\" data-element_type=\"widget\" data-e-type=\"widget\" data-widget_type=\"heading.default\">\n\t\t\t\t\t<h2 class=\"elementor-heading-title elementor-size-default\">Nos valeurs<\/h2>\t\t\t\t<\/div>\n\t\t\t\t<div class=\"elementor-element elementor-element-80cada5 elementor-position-inline-start elementor-view-default elementor-mobile-position-block-start elementor-widget elementor-widget-icon-box\" data-id=\"80cada5\" data-element_type=\"widget\" data-e-type=\"widget\" data-widget_type=\"icon-box.default\">\n\t\t\t\t\t\t\t<div class=\"elementor-icon-box-wrapper\">\n\n\t\t\t\t\t\t<div class=\"elementor-icon-box-icon\">\n\t\t\t\t<span  class=\"elementor-icon\">\n\t\t\t\t<svg aria-hidden=\"true\" class=\"e-font-icon-svg e-fas-hand-holding-heart\" viewbox=\"0 0 576 512\" xmlns=\"http:\/\/www.w3.org\/2000\/svg\"><path d=\"M275.3 250.5c7 7.4 18.4 7.4 25.5 0l108.9-114.2c31.6-33.2 29.8-88.2-5.6-118.8-30.8-26.7-76.7-21.9-104.9 7.7L288 36.9l-11.1-11.6C248.7-4.4 202.8-9.2 172 17.5c-35.3 30.6-37.2 85.6-5.6 118.8l108.9 114.2zm290 77.6c-11.8-10.7-30.2-10-42.6 0L430.3 402c-11.3 9.1-25.4 14-40 14H272c-8.8 0-16-7.2-16-16s7.2-16 16-16h78.3c15.9 0 30.7-10.9 33.3-26.6 3.3-20-12.1-37.4-31.6-37.4H192c-27 0-53.1 9.3-74.1 26.3L71.4 384H16c-8.8 0-16 7.2-16 16v96c0 8.8 7.2 16 16 16h356.8c14.5 0 28.6-4.9 40-14L564 377c15.2-12.1 16.4-35.3 1.3-48.9z\"><\/path><\/svg>\t\t\t\t<\/span>\n\t\t\t<\/div>\n\t\t\t\n\t\t\t\t\t\t<div class=\"elementor-icon-box-content\">\n\n\t\t\t\t\t\t\t\t\t<h3 class=\"elementor-icon-box-title\">\n\t\t\t\t\t\t<span  >\n\t\t\t\t\t\t\tFait main au Qu\u00e9bec\t\t\t\t\t\t<\/span>\n\t\t\t\t\t<\/h3>\n\t\t\t\t\n\t\t\t\t\n\t\t\t<\/div>\n\t\t\t\n\t\t<\/div>\n\t\t\t\t\t\t<\/div>\n\t\t\t\t<div class=\"elementor-element elementor-element-cf91ab4 elementor-position-inline-start elementor-view-default elementor-mobile-position-block-start elementor-widget elementor-widget-icon-box\" data-id=\"cf91ab4\" data-element_type=\"widget\" data-e-type=\"widget\" data-widget_type=\"icon-box.default\">\n\t\t\t\t\t\t\t<div class=\"elementor-icon-box-wrapper\">\n\n\t\t\t\t\t\t<div class=\"elementor-icon-box-icon\">\n\t\t\t\t<span  class=\"elementor-icon\">\n\t\t\t\t<svg aria-hidden=\"true\" class=\"e-font-icon-svg e-fas-tree\" viewbox=\"0 0 384 512\" xmlns=\"http:\/\/www.w3.org\/2000\/svg\"><path d=\"M378.31 378.49L298.42 288h30.63c9.01 0 16.98-5 20.78-13.06 3.8-8.04 2.55-17.26-3.28-24.05L268.42 160h28.89c9.1 0 17.3-5.35 20.86-13.61 3.52-8.13 1.86-17.59-4.24-24.08L203.66 4.83c-6.03-6.45-17.28-6.45-23.32 0L70.06 122.31c-6.1 6.49-7.75 15.95-4.24 24.08C69.38 154.65 77.59 160 86.69 160h28.89l-78.14 90.91c-5.81 6.78-7.06 15.99-3.27 24.04C37.97 283 45.93 288 54.95 288h30.63L5.69 378.49c-6 6.79-7.36 16.09-3.56 24.26 3.75 8.05 12 13.25 21.01 13.25H160v24.45l-30.29 48.4c-5.32 10.64 2.42 23.16 14.31 23.16h95.96c11.89 0 19.63-12.52 14.31-23.16L224 440.45V416h136.86c9.01 0 17.26-5.2 21.01-13.25 3.8-8.17 2.44-17.47-3.56-24.26z\"><\/path><\/svg>\t\t\t\t<\/span>\n\t\t\t<\/div>\n\t\t\t\n\t\t\t\t\t\t<div class=\"elementor-icon-box-content\">\n\n\t\t\t\t\t\t\t\t\t<h3 class=\"elementor-icon-box-title\">\n\t\t\t\t\t\t<span  >\n\t\t\t\t\t\t\tDes ingr\u00e9dients soigneusement choisis\t\t\t\t\t\t<\/span>\n\t\t\t\t\t<\/h3>\n\t\t\t\t\n\t\t\t\t\n\t\t\t<\/div>\n\t\t\t\n\t\t<\/div>\n\t\t\t\t\t\t<\/div>\n\t\t\t\t\t<\/div>\n\t\t<\/div>\n\t\t\t\t<div class=\"elementor-column elementor-col-50 elementor-top-column elementor-element elementor-element-b5475ed\" data-id=\"b5475ed\" data-element_type=\"column\" data-e-type=\"column\">\n\t\t\t<div class=\"elementor-widget-wrap elementor-element-populated\">\n\t\t\t\t\t\t<div class=\"elementor-element elementor-element-2e6d111 elementor-widget elementor-widget-image\" data-id=\"2e6d111\" data-element_type=\"widget\" data-e-type=\"widget\" data-widget_type=\"image.default\">\n\t\t\t\t\t\t\t\t\t\t\t\t\t\t\t<img decoding=\"async\" src=\"http:\/\/source.wpopal.com\/olars\/wp-content\/uploads\/2021\/10\/H1_products_01.png\" title=\"\" alt=\"\" loading=\"lazy\" \/>\t\t\t\t\t\t\t\t\t\t\t\t\t\t\t<\/div>\n\t\t\t\t\t<\/div>\n\t\t<\/div>\n\t\t\t\t\t<\/div>\n\t\t<\/div>\n\t\t\t\t<\/div>","protected":false},"excerpt":{"rendered":"<p>Handcrafter in Quebec for you About BA Essentiel Behind BA Essentiel My name is Shana Beaulieu, and I am the founder of BA Essentiel. In 2025, as a young mother with a deep love for wellness and creativity, I decided to turn my passion into something real \u2014 something meaningful. Between daily life, responsibilities, and [&hellip;]<\/p>\n","protected":false},"author":1,"featured_media":0,"parent":0,"menu_order":0,"comment_status":"closed","ping_status":"closed","template":"template-header_sidebar.php","meta":{"inline_featured_image":false,"footnotes":""},"class_list":["post-96","page","type-page","status-publish","hentry"],"yoast_head":"<!-- This site is optimized with the Yoast SEO plugin v27.2 - https:\/\/yoast.com\/product\/yoast-seo-wordpress\/ -->\n<title>About Us - BA Essentiel<\/title>\n<meta name=\"robots\" content=\"index, follow, max-snippet:-1, max-image-preview:large, max-video-preview:-1\" \/>\n<link rel=\"canonical\" href=\"https:\/\/baessentiel.ca\/fr\/about-us\/\" \/>\n<meta property=\"og:locale\" content=\"fr_CA\" \/>\n<meta property=\"og:type\" content=\"article\" \/>\n<meta property=\"og:title\" content=\"About Us - BA Essentiel\" \/>\n<meta property=\"og:description\" content=\"Handcrafter in Quebec for you About BA Essentiel Behind BA Essentiel My name is Shana Beaulieu, and I am the founder of BA Essentiel. In 2025, as a young mother with a deep love for wellness and creativity, I decided to turn my passion into something real \u2014 something meaningful. Between daily life, responsibilities, and [&hellip;]\" \/>\n<meta property=\"og:url\" content=\"https:\/\/baessentiel.ca\/fr\/about-us\/\" \/>\n<meta property=\"og:site_name\" content=\"BA Essentiel\" \/>\n<meta property=\"article:modified_time\" content=\"2026-03-03T17:26:19+00:00\" \/>\n<meta property=\"og:image\" content=\"https:\/\/baessentiel.ca\/wp-content\/uploads\/2021\/10\/about_img-9.jpg\" \/>\n<meta name=\"twitter:card\" content=\"summary_large_image\" \/>\n<meta name=\"twitter:label1\" content=\"Estimation du temps de lecture\" \/>\n\t<meta name=\"twitter:data1\" content=\"1 minute\" \/>\n<script type=\"application\/ld+json\" class=\"yoast-schema-graph\">{\"@context\":\"https:\/\/schema.org\",\"@graph\":[{\"@type\":\"WebPage\",\"@id\":\"https:\/\/baessentiel.ca\/about-us\/\",\"url\":\"https:\/\/baessentiel.ca\/about-us\/\",\"name\":\"About Us - BA Essentiel\",\"isPartOf\":{\"@id\":\"https:\/\/baessentiel.ca\/#website\"},\"primaryImageOfPage\":{\"@id\":\"https:\/\/baessentiel.ca\/about-us\/#primaryimage\"},\"image\":{\"@id\":\"https:\/\/baessentiel.ca\/about-us\/#primaryimage\"},\"thumbnailUrl\":\"https:\/\/baessentiel.ca\/wp-content\/uploads\/2021\/10\/about_img-9.jpg\",\"datePublished\":\"2026-02-23T13:39:24+00:00\",\"dateModified\":\"2026-03-03T17:26:19+00:00\",\"breadcrumb\":{\"@id\":\"https:\/\/baessentiel.ca\/about-us\/#breadcrumb\"},\"inLanguage\":\"fr-CA\",\"potentialAction\":[{\"@type\":\"ReadAction\",\"target\":[\"https:\/\/baessentiel.ca\/about-us\/\"]}]},{\"@type\":\"ImageObject\",\"inLanguage\":\"fr-CA\",\"@id\":\"https:\/\/baessentiel.ca\/about-us\/#primaryimage\",\"url\":\"https:\/\/baessentiel.ca\/wp-content\/uploads\/2021\/10\/about_img-9.jpg\",\"contentUrl\":\"https:\/\/baessentiel.ca\/wp-content\/uploads\/2021\/10\/about_img-9.jpg\"},{\"@type\":\"BreadcrumbList\",\"@id\":\"https:\/\/baessentiel.ca\/about-us\/#breadcrumb\",\"itemListElement\":[{\"@type\":\"ListItem\",\"position\":1,\"name\":\"Home\",\"item\":\"https:\/\/baessentiel.ca\/\"},{\"@type\":\"ListItem\",\"position\":2,\"name\":\"About Us\"}]},{\"@type\":\"WebSite\",\"@id\":\"https:\/\/baessentiel.ca\/#website\",\"url\":\"https:\/\/baessentiel.ca\/\",\"name\":\"BA Essentiel\",\"description\":\"Handmade artisanal candles and wellness products from Quebec.\",\"publisher\":{\"@id\":\"https:\/\/baessentiel.ca\/#organization\"},\"potentialAction\":[{\"@type\":\"SearchAction\",\"target\":{\"@type\":\"EntryPoint\",\"urlTemplate\":\"https:\/\/baessentiel.ca\/?s={search_term_string}\"},\"query-input\":{\"@type\":\"PropertyValueSpecification\",\"valueRequired\":true,\"valueName\":\"search_term_string\"}}],\"inLanguage\":\"fr-CA\"},{\"@type\":\"Organization\",\"@id\":\"https:\/\/baessentiel.ca\/#organization\",\"name\":\"BA Essentiel\",\"url\":\"https:\/\/baessentiel.ca\/\",\"logo\":{\"@type\":\"ImageObject\",\"inLanguage\":\"fr-CA\",\"@id\":\"https:\/\/baessentiel.ca\/#\/schema\/logo\/image\/\",\"url\":\"https:\/\/baessentiel.ca\/wp-content\/uploads\/2026\/02\/LogoEN-1.png\",\"contentUrl\":\"https:\/\/baessentiel.ca\/wp-content\/uploads\/2026\/02\/LogoEN-1.png\",\"width\":1082,\"height\":377,\"caption\":\"BA Essentiel\"},\"image\":{\"@id\":\"https:\/\/baessentiel.ca\/#\/schema\/logo\/image\/\"}}]}<\/script>\n<!-- \/ Yoast SEO plugin. -->","yoast_head_json":{"title":"About Us - BA Essentiel","robots":{"index":"index","follow":"follow","max-snippet":"max-snippet:-1","max-image-preview":"max-image-preview:large","max-video-preview":"max-video-preview:-1"},"canonical":"https:\/\/baessentiel.ca\/fr\/about-us\/","og_locale":"fr_CA","og_type":"article","og_title":"About Us - BA Essentiel","og_description":"Handcrafter in Quebec for you About BA Essentiel Behind BA Essentiel My name is Shana Beaulieu, and I am the founder of BA Essentiel. In 2025, as a young mother with a deep love for wellness and creativity, I decided to turn my passion into something real \u2014 something meaningful. Between daily life, responsibilities, and [&hellip;]","og_url":"https:\/\/baessentiel.ca\/fr\/about-us\/","og_site_name":"BA Essentiel","article_modified_time":"2026-03-03T17:26:19+00:00","og_image":[{"url":"https:\/\/baessentiel.ca\/wp-content\/uploads\/2021\/10\/about_img-9.jpg","type":"","width":"","height":""}],"twitter_card":"summary_large_image","twitter_misc":{"Estimation du temps de lecture":"1 minute"},"schema":{"@context":"https:\/\/schema.org","@graph":[{"@type":"WebPage","@id":"https:\/\/baessentiel.ca\/about-us\/","url":"https:\/\/baessentiel.ca\/about-us\/","name":"About Us - BA Essentiel","isPartOf":{"@id":"https:\/\/baessentiel.ca\/#website"},"primaryImageOfPage":{"@id":"https:\/\/baessentiel.ca\/about-us\/#primaryimage"},"image":{"@id":"https:\/\/baessentiel.ca\/about-us\/#primaryimage"},"thumbnailUrl":"https:\/\/baessentiel.ca\/wp-content\/uploads\/2021\/10\/about_img-9.jpg","datePublished":"2026-02-23T13:39:24+00:00","dateModified":"2026-03-03T17:26:19+00:00","breadcrumb":{"@id":"https:\/\/baessentiel.ca\/about-us\/#breadcrumb"},"inLanguage":"fr-CA","potentialAction":[{"@type":"ReadAction","target":["https:\/\/baessentiel.ca\/about-us\/"]}]},{"@type":"ImageObject","inLanguage":"fr-CA","@id":"https:\/\/baessentiel.ca\/about-us\/#primaryimage","url":"https:\/\/baessentiel.ca\/wp-content\/uploads\/2021\/10\/about_img-9.jpg","contentUrl":"https:\/\/baessentiel.ca\/wp-content\/uploads\/2021\/10\/about_img-9.jpg"},{"@type":"BreadcrumbList","@id":"https:\/\/baessentiel.ca\/about-us\/#breadcrumb","itemListElement":[{"@type":"ListItem","position":1,"name":"Home","item":"https:\/\/baessentiel.ca\/"},{"@type":"ListItem","position":2,"name":"About Us"}]},{"@type":"WebSite","@id":"https:\/\/baessentiel.ca\/#website","url":"https:\/\/baessentiel.ca\/","name":"BA Essentiel","description":"Bougies artisanales et produits de bien-\u00eatre faits \u00e0 la main au Qu\u00e9bec.","publisher":{"@id":"https:\/\/baessentiel.ca\/#organization"},"potentialAction":[{"@type":"SearchAction","target":{"@type":"EntryPoint","urlTemplate":"https:\/\/baessentiel.ca\/?s={search_term_string}"},"query-input":{"@type":"PropertyValueSpecification","valueRequired":true,"valueName":"search_term_string"}}],"inLanguage":"fr-CA"},{"@type":"Organization","@id":"https:\/\/baessentiel.ca\/#organization","name":"BA Essentiel","url":"https:\/\/baessentiel.ca\/","logo":{"@type":"ImageObject","inLanguage":"fr-CA","@id":"https:\/\/baessentiel.ca\/#\/schema\/logo\/image\/","url":"https:\/\/baessentiel.ca\/wp-content\/uploads\/2026\/02\/LogoEN-1.png","contentUrl":"https:\/\/baessentiel.ca\/wp-content\/uploads\/2026\/02\/LogoEN-1.png","width":1082,"height":377,"caption":"BA Essentiel"},"image":{"@id":"https:\/\/baessentiel.ca\/#\/schema\/logo\/image\/"}}]}},"_links":{"self":[{"href":"https:\/\/baessentiel.ca\/fr\/wp-json\/wp\/v2\/pages\/96","targetHints":{"allow":["GET"]}}],"collection":[{"href":"https:\/\/baessentiel.ca\/fr\/wp-json\/wp\/v2\/pages"}],"about":[{"href":"https:\/\/baessentiel.ca\/fr\/wp-json\/wp\/v2\/types\/page"}],"author":[{"embeddable":true,"href":"https:\/\/baessentiel.ca\/fr\/wp-json\/wp\/v2\/users\/1"}],"replies":[{"embeddable":true,"href":"https:\/\/baessentiel.ca\/fr\/wp-json\/wp\/v2\/comments?post=96"}],"version-history":[{"count":28,"href":"https:\/\/baessentiel.ca\/fr\/wp-json\/wp\/v2\/pages\/96\/revisions"}],"predecessor-version":[{"id":6201,"href":"https:\/\/baessentiel.ca\/fr\/wp-json\/wp\/v2\/pages\/96\/revisions\/6201"}],"wp:attachment":[{"href":"https:\/\/baessentiel.ca\/fr\/wp-json\/wp\/v2\/media?parent=96"}],"curies":[{"name":"wp","href":"https:\/\/api.w.org\/{rel}","templated":true}]}}