{"id":6188,"date":"2026-03-03T11:12:40","date_gmt":"2026-03-03T16:12:40","guid":{"rendered":"https:\/\/baessentiel.ca\/?post_type=product&#038;p=6188"},"modified":"2026-03-11T10:34:25","modified_gmt":"2026-03-11T15:34:25","slug":"lip-srub-foret-aromatique","status":"publish","type":"product","link":"https:\/\/baessentiel.ca\/fr\/produit\/lip-srub-foret-aromatique\/","title":{"rendered":"Gommage l\u00e8vre - For\u00eat Aromatique"},"content":{"rendered":"<p data-start=\"1359\" data-end=\"1534\">Rafra\u00eechissez et prenez soin de vos l\u00e8vres gr\u00e2ce \u00e0 notre gommage pour les l\u00e8vres For\u00eat Aromatique. Ses grains doux \u00e9liminent les peaux s\u00e8ches et les zones rugueuses, laissant vos l\u00e8vres douces, lisses et \u00e9clatantes.<\/p>\n<p data-start=\"1536\" data-end=\"1715\">Le parfum naturel de menthe et de c\u00e8dre procure une sensation rafra\u00eechissante et revigorante, qui rappelle une promenade en for\u00eat, transformant ainsi votre routine de soin des l\u00e8vres en une exp\u00e9rience agr\u00e9able.<\/p>\n<p data-start=\"1717\" data-end=\"1832\">\u2728 Exfolie en douceur<br data-start=\"1736\" data-end=\"1739\" \/>\u2728 Laisse les l\u00e8vres douces et \u00e9clatantes<br data-start=\"1769\" data-end=\"1772\" \/>\u2728 Parfum rafra\u00eechissant de menthe et de c\u00e8dre<br data-start=\"1805\" data-end=\"1808\" \/>\u2728 Format pratique 1 oz<\/p>\n<h3 data-start=\"1834\" data-end=\"1854\"><strong data-start=\"1838\" data-end=\"1852\">Mode d\u2019emploi<\/strong><\/h3>\n<p data-start=\"1855\" data-end=\"2075\">Appliquez une petite quantit\u00e9 sur des l\u00e8vres propres et s\u00e8ches.<br data-start=\"1895\" data-end=\"1898\" \/>Massez doucement en effectuant des mouvements circulaires pendant quelques secondes.<br data-start=\"1951\" data-end=\"1954\" \/>Rincer \u00e0 l'eau ti\u00e8de ou essuyer d\u00e9licatement avec un chiffon humide.<br data-start=\"2017\" data-end=\"2020\" \/>Pour un r\u00e9sultat optimal, appliquez ensuite un baume \u00e0 l\u00e8vres hydratant.<\/p>\n<p data-start=\"2077\" data-end=\"2115\">Utiliser 1 \u00e0 2 fois par semaine ou au besoin.<\/p>\n<h3 data-start=\"2117\" data-end=\"2149\"><strong data-start=\"2121\" data-end=\"2147\">Avertissements et pr\u00e9cautions<\/strong><\/h3>\n<ul data-start=\"2150\" data-end=\"2436\">\n<li data-start=\"2150\" data-end=\"2176\">\n<p data-start=\"2152\" data-end=\"2176\">Usage externe uniquement.<\/p>\n<\/li>\n<li data-start=\"2177\" data-end=\"2195\">\n<p data-start=\"2179\" data-end=\"2195\">Ne pas ing\u00e9rer.<\/p>\n<\/li>\n<li data-start=\"2196\" data-end=\"2224\">\n<p data-start=\"2198\" data-end=\"2224\">\u00c9viter tout contact avec les yeux.<\/p>\n<\/li>\n<li data-start=\"2225\" data-end=\"2279\">\n<p data-start=\"2227\" data-end=\"2279\">Ne pas utiliser sur des l\u00e8vres gerc\u00e9es, irrit\u00e9es ou bless\u00e9es.<\/p>\n<\/li>\n<li data-start=\"2280\" data-end=\"2341\">\n<p data-start=\"2282\" data-end=\"2341\">Cesser l'utilisation en cas d'irritation ou de r\u00e9action ind\u00e9sirable.<\/p>\n<\/li>\n<li data-start=\"2342\" data-end=\"2376\">\n<p data-start=\"2344\" data-end=\"2376\">Tenir hors de port\u00e9e des enfants et des animaux domestiques<\/p>\n<\/li>\n<li data-start=\"2377\" data-end=\"2436\">\n<p data-start=\"2379\" data-end=\"2436\">\u00c0 conserver dans un endroit frais et sec, \u00e0 l'abri de la chaleur et de l'humidit\u00e9.<\/p>\n<\/li>\n<\/ul>","protected":false},"excerpt":{"rendered":"<p data-start=\"859\" data-end=\"892\">Une bouff\u00e9e d'air frais de la for\u00eat \ud83c\udf3f<\/p>\n<p data-start=\"894\" data-end=\"1061\"><strong data-start=\"894\" data-end=\"914\">For\u00eat Aromatique<\/strong> Aapporte la nature directement dans votre routine de soins des l\u00e8vres. Sa texture exfoliante douce \u00e9limine les peaux s\u00e8ches et squameuses, laissant vos l\u00e8vres lisses et rafra\u00eechies.<\/p>\n<p data-start=\"1063\" data-end=\"1186\">Le m\u00e9lange de menthe et de c\u00e8dre procure une sensation fra\u00eeche et revigorante avec une subtile touche bois\u00e9e, comme une promenade en for\u00eat dans un bocal.<\/p>","protected":false},"featured_media":6191,"comment_status":"open","ping_status":"closed","template":"","meta":{"inline_featured_image":false},"product_cat":[78,82],"product_tag":[],"class_list":{"0":"post-6188","1":"product","2":"type-product","3":"status-publish","4":"has-post-thumbnail","6":"product_cat-scrubs","7":"product_cat-scrubs-lips","9":"first","10":"instock","11":"taxable","12":"shipping-taxable","13":"purchasable","14":"product-type-simple"},"yoast_head":"<!-- This site is optimized with the Yoast SEO plugin v27.2 - https:\/\/yoast.com\/product\/yoast-seo-wordpress\/ -->\n<title>Lip Srub - For\u00eat Aromatique - BA Essentiel<\/title>\n<meta name=\"robots\" content=\"index, follow, max-snippet:-1, max-image-preview:large, max-video-preview:-1\" \/>\n<link rel=\"canonical\" href=\"https:\/\/baessentiel.ca\/fr\/produit\/lip-srub-foret-aromatique\/\" \/>\n<meta property=\"og:locale\" content=\"fr_CA\" \/>\n<meta property=\"og:type\" content=\"article\" \/>\n<meta property=\"og:title\" content=\"Lip Srub - For\u00eat Aromatique - BA Essentiel\" \/>\n<meta property=\"og:description\" content=\"A breath of fresh forest air \ud83c\udf3f For\u00eat Aromatique brings nature straight to your lip care routine. Its gentle exfoliating texture removes dry, flaky skin, leaving your lips smooth and refreshed. The mint and cedar blend delivers a cool, invigorating sensation with a subtle woody twist \u2014 like a forest walk in a jar.\" \/>\n<meta property=\"og:url\" content=\"https:\/\/baessentiel.ca\/fr\/produit\/lip-srub-foret-aromatique\/\" \/>\n<meta property=\"og:site_name\" content=\"BA Essentiel\" \/>\n<meta property=\"article:modified_time\" content=\"2026-03-11T15:34:25+00:00\" \/>\n<meta property=\"og:image\" content=\"https:\/\/baessentiel.ca\/wp-content\/uploads\/2026\/03\/1000015811-scaled.jpg\" \/>\n\t<meta property=\"og:image:width\" content=\"1920\" \/>\n\t<meta property=\"og:image:height\" content=\"2560\" \/>\n\t<meta property=\"og:image:type\" content=\"image\/jpeg\" \/>\n<meta name=\"twitter:card\" content=\"summary_large_image\" \/>\n<meta name=\"twitter:label1\" content=\"Estimation du temps de lecture\" \/>\n\t<meta name=\"twitter:data1\" content=\"1 minute\" \/>\n<script type=\"application\/ld+json\" class=\"yoast-schema-graph\">{\"@context\":\"https:\/\/schema.org\",\"@graph\":[{\"@type\":\"WebPage\",\"@id\":\"https:\/\/baessentiel.ca\/product\/lip-srub-foret-aromatique\/\",\"url\":\"https:\/\/baessentiel.ca\/product\/lip-srub-foret-aromatique\/\",\"name\":\"Lip Srub - For\u00eat Aromatique - BA Essentiel\",\"isPartOf\":{\"@id\":\"https:\/\/baessentiel.ca\/#website\"},\"primaryImageOfPage\":{\"@id\":\"https:\/\/baessentiel.ca\/product\/lip-srub-foret-aromatique\/#primaryimage\"},\"image\":{\"@id\":\"https:\/\/baessentiel.ca\/product\/lip-srub-foret-aromatique\/#primaryimage\"},\"thumbnailUrl\":\"https:\/\/baessentiel.ca\/wp-content\/uploads\/2026\/03\/1000015811-scaled.jpg\",\"datePublished\":\"2026-03-03T16:12:40+00:00\",\"dateModified\":\"2026-03-11T15:34:25+00:00\",\"breadcrumb\":{\"@id\":\"https:\/\/baessentiel.ca\/product\/lip-srub-foret-aromatique\/#breadcrumb\"},\"inLanguage\":\"fr-CA\",\"potentialAction\":[{\"@type\":\"ReadAction\",\"target\":[\"https:\/\/baessentiel.ca\/product\/lip-srub-foret-aromatique\/\"]}]},{\"@type\":\"ImageObject\",\"inLanguage\":\"fr-CA\",\"@id\":\"https:\/\/baessentiel.ca\/product\/lip-srub-foret-aromatique\/#primaryimage\",\"url\":\"https:\/\/baessentiel.ca\/wp-content\/uploads\/2026\/03\/1000015811-scaled.jpg\",\"contentUrl\":\"https:\/\/baessentiel.ca\/wp-content\/uploads\/2026\/03\/1000015811-scaled.jpg\",\"width\":1920,\"height\":2560},{\"@type\":\"BreadcrumbList\",\"@id\":\"https:\/\/baessentiel.ca\/product\/lip-srub-foret-aromatique\/#breadcrumb\",\"itemListElement\":[{\"@type\":\"ListItem\",\"position\":1,\"name\":\"Home\",\"item\":\"https:\/\/baessentiel.ca\/\"},{\"@type\":\"ListItem\",\"position\":2,\"name\":\"Shop\",\"item\":\"https:\/\/baessentiel.ca\/shop\/\"},{\"@type\":\"ListItem\",\"position\":3,\"name\":\"Lip Srub &#8211; For\u00eat Aromatique\"}]},{\"@type\":\"WebSite\",\"@id\":\"https:\/\/baessentiel.ca\/#website\",\"url\":\"https:\/\/baessentiel.ca\/\",\"name\":\"BA Essentiel\",\"description\":\"Handmade artisanal candles and wellness products from Quebec.\",\"publisher\":{\"@id\":\"https:\/\/baessentiel.ca\/#organization\"},\"potentialAction\":[{\"@type\":\"SearchAction\",\"target\":{\"@type\":\"EntryPoint\",\"urlTemplate\":\"https:\/\/baessentiel.ca\/?s={search_term_string}\"},\"query-input\":{\"@type\":\"PropertyValueSpecification\",\"valueRequired\":true,\"valueName\":\"search_term_string\"}}],\"inLanguage\":\"fr-CA\"},{\"@type\":\"Organization\",\"@id\":\"https:\/\/baessentiel.ca\/#organization\",\"name\":\"BA Essentiel\",\"url\":\"https:\/\/baessentiel.ca\/\",\"logo\":{\"@type\":\"ImageObject\",\"inLanguage\":\"fr-CA\",\"@id\":\"https:\/\/baessentiel.ca\/#\/schema\/logo\/image\/\",\"url\":\"https:\/\/baessentiel.ca\/wp-content\/uploads\/2026\/02\/LogoEN-1.png\",\"contentUrl\":\"https:\/\/baessentiel.ca\/wp-content\/uploads\/2026\/02\/LogoEN-1.png\",\"width\":1082,\"height\":377,\"caption\":\"BA Essentiel\"},\"image\":{\"@id\":\"https:\/\/baessentiel.ca\/#\/schema\/logo\/image\/\"}}]}<\/script>\n<!-- \/ Yoast SEO plugin. -->","yoast_head_json":{"title":"Lip Srub - For\u00eat Aromatique - BA Essentiel","robots":{"index":"index","follow":"follow","max-snippet":"max-snippet:-1","max-image-preview":"max-image-preview:large","max-video-preview":"max-video-preview:-1"},"canonical":"https:\/\/baessentiel.ca\/fr\/produit\/lip-srub-foret-aromatique\/","og_locale":"fr_CA","og_type":"article","og_title":"Lip Srub - For\u00eat Aromatique - BA Essentiel","og_description":"A breath of fresh forest air \ud83c\udf3f For\u00eat Aromatique brings nature straight to your lip care routine. Its gentle exfoliating texture removes dry, flaky skin, leaving your lips smooth and refreshed. The mint and cedar blend delivers a cool, invigorating sensation with a subtle woody twist \u2014 like a forest walk in a jar.","og_url":"https:\/\/baessentiel.ca\/fr\/produit\/lip-srub-foret-aromatique\/","og_site_name":"BA Essentiel","article_modified_time":"2026-03-11T15:34:25+00:00","og_image":[{"width":1920,"height":2560,"url":"https:\/\/baessentiel.ca\/wp-content\/uploads\/2026\/03\/1000015811-scaled.jpg","type":"image\/jpeg"}],"twitter_card":"summary_large_image","twitter_misc":{"Estimation du temps de lecture":"1 minute"},"schema":{"@context":"https:\/\/schema.org","@graph":[{"@type":"WebPage","@id":"https:\/\/baessentiel.ca\/product\/lip-srub-foret-aromatique\/","url":"https:\/\/baessentiel.ca\/product\/lip-srub-foret-aromatique\/","name":"Lip Srub - For\u00eat Aromatique - BA Essentiel","isPartOf":{"@id":"https:\/\/baessentiel.ca\/#website"},"primaryImageOfPage":{"@id":"https:\/\/baessentiel.ca\/product\/lip-srub-foret-aromatique\/#primaryimage"},"image":{"@id":"https:\/\/baessentiel.ca\/product\/lip-srub-foret-aromatique\/#primaryimage"},"thumbnailUrl":"https:\/\/baessentiel.ca\/wp-content\/uploads\/2026\/03\/1000015811-scaled.jpg","datePublished":"2026-03-03T16:12:40+00:00","dateModified":"2026-03-11T15:34:25+00:00","breadcrumb":{"@id":"https:\/\/baessentiel.ca\/product\/lip-srub-foret-aromatique\/#breadcrumb"},"inLanguage":"fr-CA","potentialAction":[{"@type":"ReadAction","target":["https:\/\/baessentiel.ca\/product\/lip-srub-foret-aromatique\/"]}]},{"@type":"ImageObject","inLanguage":"fr-CA","@id":"https:\/\/baessentiel.ca\/product\/lip-srub-foret-aromatique\/#primaryimage","url":"https:\/\/baessentiel.ca\/wp-content\/uploads\/2026\/03\/1000015811-scaled.jpg","contentUrl":"https:\/\/baessentiel.ca\/wp-content\/uploads\/2026\/03\/1000015811-scaled.jpg","width":1920,"height":2560},{"@type":"BreadcrumbList","@id":"https:\/\/baessentiel.ca\/product\/lip-srub-foret-aromatique\/#breadcrumb","itemListElement":[{"@type":"ListItem","position":1,"name":"Home","item":"https:\/\/baessentiel.ca\/"},{"@type":"ListItem","position":2,"name":"Shop","item":"https:\/\/baessentiel.ca\/shop\/"},{"@type":"ListItem","position":3,"name":"Lip Srub &#8211; For\u00eat Aromatique"}]},{"@type":"WebSite","@id":"https:\/\/baessentiel.ca\/#website","url":"https:\/\/baessentiel.ca\/","name":"BA Essentiel","description":"Bougies artisanales et produits de bien-\u00eatre faits \u00e0 la main au Qu\u00e9bec.","publisher":{"@id":"https:\/\/baessentiel.ca\/#organization"},"potentialAction":[{"@type":"SearchAction","target":{"@type":"EntryPoint","urlTemplate":"https:\/\/baessentiel.ca\/?s={search_term_string}"},"query-input":{"@type":"PropertyValueSpecification","valueRequired":true,"valueName":"search_term_string"}}],"inLanguage":"fr-CA"},{"@type":"Organization","@id":"https:\/\/baessentiel.ca\/#organization","name":"BA Essentiel","url":"https:\/\/baessentiel.ca\/","logo":{"@type":"ImageObject","inLanguage":"fr-CA","@id":"https:\/\/baessentiel.ca\/#\/schema\/logo\/image\/","url":"https:\/\/baessentiel.ca\/wp-content\/uploads\/2026\/02\/LogoEN-1.png","contentUrl":"https:\/\/baessentiel.ca\/wp-content\/uploads\/2026\/02\/LogoEN-1.png","width":1082,"height":377,"caption":"BA Essentiel"},"image":{"@id":"https:\/\/baessentiel.ca\/#\/schema\/logo\/image\/"}}]}},"_links":{"self":[{"href":"https:\/\/baessentiel.ca\/fr\/wp-json\/wp\/v2\/product\/6188","targetHints":{"allow":["GET"]}}],"collection":[{"href":"https:\/\/baessentiel.ca\/fr\/wp-json\/wp\/v2\/product"}],"about":[{"href":"https:\/\/baessentiel.ca\/fr\/wp-json\/wp\/v2\/types\/product"}],"replies":[{"embeddable":true,"href":"https:\/\/baessentiel.ca\/fr\/wp-json\/wp\/v2\/comments?post=6188"}],"wp:featuredmedia":[{"embeddable":true,"href":"https:\/\/baessentiel.ca\/fr\/wp-json\/wp\/v2\/media\/6191"}],"wp:attachment":[{"href":"https:\/\/baessentiel.ca\/fr\/wp-json\/wp\/v2\/media?parent=6188"}],"wp:term":[{"taxonomy":"product_cat","embeddable":true,"href":"https:\/\/baessentiel.ca\/fr\/wp-json\/wp\/v2\/product_cat?post=6188"},{"taxonomy":"product_tag","embeddable":true,"href":"https:\/\/baessentiel.ca\/fr\/wp-json\/wp\/v2\/product_tag?post=6188"}],"curies":[{"name":"wp","href":"https:\/\/api.w.org\/{rel}","templated":true}]}}