{"id":6202,"date":"2026-03-03T12:40:27","date_gmt":"2026-03-03T17:40:27","guid":{"rendered":"https:\/\/baessentiel.ca\/?post_type=product&#038;p=6202"},"modified":"2026-03-11T10:34:55","modified_gmt":"2026-03-11T15:34:55","slug":"lip-srub-duo-botanique","status":"publish","type":"product","link":"https:\/\/baessentiel.ca\/fr\/produit\/lip-srub-duo-botanique\/","title":{"rendered":"Gommage l\u00e8vre - Duo Botanique"},"content":{"rendered":"<p data-start=\"2491\" data-end=\"2651\">Chouchoutez vos l\u00e8vres avec notre gommage pour les l\u00e8vres Duo Botanique. Ses grains doux \u00e9liminent les peaux s\u00e8ches et les zones rugueuses, r\u00e9v\u00e9lant des l\u00e8vres lisses, douces et \u00e9clatantes.<\/p>\n<p data-start=\"2653\" data-end=\"2802\">Le parfum naturel de lavande et de rose offre une exp\u00e9rience florale apaisante, transformant votre routine de soin des l\u00e8vres en un moment relaxant et raffin\u00e9.<\/p>\n<p data-start=\"2804\" data-end=\"2920\">\u2728 Exfolie en douceur<br data-start=\"2823\" data-end=\"2826\" \/>\u2728 Laisse les l\u00e8vres douces et \u00e9clatantes<br data-start=\"2856\" data-end=\"2859\" \/>\u2728 Parfum apaisant de lavande et de rose<br data-start=\"2893\" data-end=\"2896\" \/>\u2728 Format pratique 1 oz<\/p>\n<h3 data-start=\"2922\" data-end=\"2942\"><strong data-start=\"2926\" data-end=\"2940\">Mode d\u2019emploi<\/strong><\/h3>\n<p data-start=\"2943\" data-end=\"3163\">Appliquez une petite quantit\u00e9 sur des l\u00e8vres propres et s\u00e8ches.<br data-start=\"2983\" data-end=\"2986\" \/>Massez doucement en effectuant des mouvements circulaires pendant quelques secondes.<br data-start=\"3039\" data-end=\"3042\" \/>Rincer \u00e0 l'eau ti\u00e8de ou essuyer d\u00e9licatement avec un chiffon humide.<br data-start=\"3105\" data-end=\"3108\" \/>Pour un r\u00e9sultat optimal, appliquez ensuite un baume \u00e0 l\u00e8vres hydratant.<\/p>\n<p data-start=\"3165\" data-end=\"3203\">Utiliser 1 \u00e0 2 fois par semaine ou au besoin.<\/p>\n<h3 data-start=\"3205\" data-end=\"3237\"><strong data-start=\"3209\" data-end=\"3235\">Avertissements et pr\u00e9cautions<\/strong><\/h3>\n<ul data-start=\"3238\" data-end=\"3524\">\n<li data-start=\"3238\" data-end=\"3264\">\n<p data-start=\"3240\" data-end=\"3264\">Usage externe uniquement.<\/p>\n<\/li>\n<li data-start=\"3265\" data-end=\"3283\">\n<p data-start=\"3267\" data-end=\"3283\">Ne pas ing\u00e9rer.<\/p>\n<\/li>\n<li data-start=\"3284\" data-end=\"3312\">\n<p data-start=\"3286\" data-end=\"3312\">\u00c9viter tout contact avec les yeux.<\/p>\n<\/li>\n<li data-start=\"3313\" data-end=\"3367\">\n<p data-start=\"3315\" data-end=\"3367\">Ne pas utiliser sur des l\u00e8vres gerc\u00e9es, irrit\u00e9es ou bless\u00e9es.<\/p>\n<\/li>\n<li data-start=\"3368\" data-end=\"3429\">\n<p data-start=\"3370\" data-end=\"3429\">Cesser l'utilisation en cas d'irritation ou de r\u00e9action ind\u00e9sirable.<\/p>\n<\/li>\n<li data-start=\"3430\" data-end=\"3464\">\n<p data-start=\"3432\" data-end=\"3464\">Tenir hors de port\u00e9e des enfants et des animaux domestiques<\/p>\n<\/li>\n<li data-start=\"3465\" data-end=\"3524\">\n<p data-start=\"3467\" data-end=\"3524\">\u00c0 conserver dans un endroit frais et sec, \u00e0 l'abri de la chaleur et de l'humidit\u00e9.<\/p>\n<\/li>\n<\/ul>","protected":false},"excerpt":{"rendered":"<p data-start=\"1436\" data-end=\"1469\">Votre moment floral pour prendre soin de vous \ud83c\udf38<\/p>\n<p data-start=\"1471\" data-end=\"1566\"><strong data-start=\"1471\" data-end=\"1488\">Duo Botanique<\/strong> M\u00e9lange apaisant de lavande et de rose douce pour une exp\u00e9rience relaxante digne d'un spa.<\/p>\n<p data-start=\"1568\" data-end=\"1678\">Sa texture exfoliante d\u00e9licate \u00e9limine les peaux s\u00e8ches, laissant vos l\u00e8vres soyeuses, douces et naturellement \u00e9clatantes.<\/p>\n<div id=\"gtx-trans\" style=\"position: absolute; left: 171px; top: 54.8px;\">\n<div class=\"gtx-trans-icon\"><\/div>\n<\/div>","protected":false},"featured_media":6205,"comment_status":"open","ping_status":"closed","template":"","meta":{"inline_featured_image":false},"product_cat":[78,82],"product_tag":[],"class_list":{"0":"post-6202","1":"product","2":"type-product","3":"status-publish","4":"has-post-thumbnail","6":"product_cat-scrubs","7":"product_cat-scrubs-lips","9":"first","10":"instock","11":"taxable","12":"shipping-taxable","13":"purchasable","14":"product-type-simple"},"yoast_head":"<!-- This site is optimized with the Yoast SEO plugin v27.2 - https:\/\/yoast.com\/product\/yoast-seo-wordpress\/ -->\n<title>Lip Srub \u2013 Duo Botanique - BA Essentiel<\/title>\n<meta name=\"robots\" content=\"index, follow, max-snippet:-1, max-image-preview:large, max-video-preview:-1\" \/>\n<link rel=\"canonical\" href=\"https:\/\/baessentiel.ca\/fr\/produit\/lip-srub-duo-botanique\/\" \/>\n<meta property=\"og:locale\" content=\"fr_CA\" \/>\n<meta property=\"og:type\" content=\"article\" \/>\n<meta property=\"og:title\" content=\"Lip Srub \u2013 Duo Botanique - BA Essentiel\" \/>\n<meta property=\"og:description\" content=\"Your floral self-care moment \ud83c\udf38 Duo Botanique blends calming lavender with soft rose for a soothing, spa-like experience. Its delicate exfoliating texture smooths away dryness, leaving your lips silky, soft, and naturally glowing.\" \/>\n<meta property=\"og:url\" content=\"https:\/\/baessentiel.ca\/fr\/produit\/lip-srub-duo-botanique\/\" \/>\n<meta property=\"og:site_name\" content=\"BA Essentiel\" \/>\n<meta property=\"article:modified_time\" content=\"2026-03-11T15:34:55+00:00\" \/>\n<meta property=\"og:image\" content=\"https:\/\/baessentiel.ca\/wp-content\/uploads\/2026\/03\/1000015812-scaled.jpg\" \/>\n\t<meta property=\"og:image:width\" content=\"1920\" \/>\n\t<meta property=\"og:image:height\" content=\"2560\" \/>\n\t<meta property=\"og:image:type\" content=\"image\/jpeg\" \/>\n<meta name=\"twitter:card\" content=\"summary_large_image\" \/>\n<meta name=\"twitter:label1\" content=\"Estimation du temps de lecture\" \/>\n\t<meta name=\"twitter:data1\" content=\"1 minute\" \/>\n<script type=\"application\/ld+json\" class=\"yoast-schema-graph\">{\"@context\":\"https:\/\/schema.org\",\"@graph\":[{\"@type\":\"WebPage\",\"@id\":\"https:\/\/baessentiel.ca\/product\/lip-srub-duo-botanique\/\",\"url\":\"https:\/\/baessentiel.ca\/product\/lip-srub-duo-botanique\/\",\"name\":\"Lip Srub \u2013 Duo Botanique - BA Essentiel\",\"isPartOf\":{\"@id\":\"https:\/\/baessentiel.ca\/#website\"},\"primaryImageOfPage\":{\"@id\":\"https:\/\/baessentiel.ca\/product\/lip-srub-duo-botanique\/#primaryimage\"},\"image\":{\"@id\":\"https:\/\/baessentiel.ca\/product\/lip-srub-duo-botanique\/#primaryimage\"},\"thumbnailUrl\":\"https:\/\/baessentiel.ca\/wp-content\/uploads\/2026\/03\/1000015812-scaled.jpg\",\"datePublished\":\"2026-03-03T17:40:27+00:00\",\"dateModified\":\"2026-03-11T15:34:55+00:00\",\"breadcrumb\":{\"@id\":\"https:\/\/baessentiel.ca\/product\/lip-srub-duo-botanique\/#breadcrumb\"},\"inLanguage\":\"fr-CA\",\"potentialAction\":[{\"@type\":\"ReadAction\",\"target\":[\"https:\/\/baessentiel.ca\/product\/lip-srub-duo-botanique\/\"]}]},{\"@type\":\"ImageObject\",\"inLanguage\":\"fr-CA\",\"@id\":\"https:\/\/baessentiel.ca\/product\/lip-srub-duo-botanique\/#primaryimage\",\"url\":\"https:\/\/baessentiel.ca\/wp-content\/uploads\/2026\/03\/1000015812-scaled.jpg\",\"contentUrl\":\"https:\/\/baessentiel.ca\/wp-content\/uploads\/2026\/03\/1000015812-scaled.jpg\",\"width\":1920,\"height\":2560},{\"@type\":\"BreadcrumbList\",\"@id\":\"https:\/\/baessentiel.ca\/product\/lip-srub-duo-botanique\/#breadcrumb\",\"itemListElement\":[{\"@type\":\"ListItem\",\"position\":1,\"name\":\"Home\",\"item\":\"https:\/\/baessentiel.ca\/\"},{\"@type\":\"ListItem\",\"position\":2,\"name\":\"Shop\",\"item\":\"https:\/\/baessentiel.ca\/shop\/\"},{\"@type\":\"ListItem\",\"position\":3,\"name\":\"Lip Srub \u2013 Duo Botanique\"}]},{\"@type\":\"WebSite\",\"@id\":\"https:\/\/baessentiel.ca\/#website\",\"url\":\"https:\/\/baessentiel.ca\/\",\"name\":\"BA Essentiel\",\"description\":\"Handmade artisanal candles and wellness products from Quebec.\",\"publisher\":{\"@id\":\"https:\/\/baessentiel.ca\/#organization\"},\"potentialAction\":[{\"@type\":\"SearchAction\",\"target\":{\"@type\":\"EntryPoint\",\"urlTemplate\":\"https:\/\/baessentiel.ca\/?s={search_term_string}\"},\"query-input\":{\"@type\":\"PropertyValueSpecification\",\"valueRequired\":true,\"valueName\":\"search_term_string\"}}],\"inLanguage\":\"fr-CA\"},{\"@type\":\"Organization\",\"@id\":\"https:\/\/baessentiel.ca\/#organization\",\"name\":\"BA Essentiel\",\"url\":\"https:\/\/baessentiel.ca\/\",\"logo\":{\"@type\":\"ImageObject\",\"inLanguage\":\"fr-CA\",\"@id\":\"https:\/\/baessentiel.ca\/#\/schema\/logo\/image\/\",\"url\":\"https:\/\/baessentiel.ca\/wp-content\/uploads\/2026\/02\/LogoEN-1.png\",\"contentUrl\":\"https:\/\/baessentiel.ca\/wp-content\/uploads\/2026\/02\/LogoEN-1.png\",\"width\":1082,\"height\":377,\"caption\":\"BA Essentiel\"},\"image\":{\"@id\":\"https:\/\/baessentiel.ca\/#\/schema\/logo\/image\/\"}}]}<\/script>\n<!-- \/ Yoast SEO plugin. -->","yoast_head_json":{"title":"Lip Srub \u2013 Duo Botanique - BA Essentiel","robots":{"index":"index","follow":"follow","max-snippet":"max-snippet:-1","max-image-preview":"max-image-preview:large","max-video-preview":"max-video-preview:-1"},"canonical":"https:\/\/baessentiel.ca\/fr\/produit\/lip-srub-duo-botanique\/","og_locale":"fr_CA","og_type":"article","og_title":"Lip Srub \u2013 Duo Botanique - BA Essentiel","og_description":"Your floral self-care moment \ud83c\udf38 Duo Botanique blends calming lavender with soft rose for a soothing, spa-like experience. Its delicate exfoliating texture smooths away dryness, leaving your lips silky, soft, and naturally glowing.","og_url":"https:\/\/baessentiel.ca\/fr\/produit\/lip-srub-duo-botanique\/","og_site_name":"BA Essentiel","article_modified_time":"2026-03-11T15:34:55+00:00","og_image":[{"width":1920,"height":2560,"url":"https:\/\/baessentiel.ca\/wp-content\/uploads\/2026\/03\/1000015812-scaled.jpg","type":"image\/jpeg"}],"twitter_card":"summary_large_image","twitter_misc":{"Estimation du temps de lecture":"1 minute"},"schema":{"@context":"https:\/\/schema.org","@graph":[{"@type":"WebPage","@id":"https:\/\/baessentiel.ca\/product\/lip-srub-duo-botanique\/","url":"https:\/\/baessentiel.ca\/product\/lip-srub-duo-botanique\/","name":"Lip Srub \u2013 Duo Botanique - BA Essentiel","isPartOf":{"@id":"https:\/\/baessentiel.ca\/#website"},"primaryImageOfPage":{"@id":"https:\/\/baessentiel.ca\/product\/lip-srub-duo-botanique\/#primaryimage"},"image":{"@id":"https:\/\/baessentiel.ca\/product\/lip-srub-duo-botanique\/#primaryimage"},"thumbnailUrl":"https:\/\/baessentiel.ca\/wp-content\/uploads\/2026\/03\/1000015812-scaled.jpg","datePublished":"2026-03-03T17:40:27+00:00","dateModified":"2026-03-11T15:34:55+00:00","breadcrumb":{"@id":"https:\/\/baessentiel.ca\/product\/lip-srub-duo-botanique\/#breadcrumb"},"inLanguage":"fr-CA","potentialAction":[{"@type":"ReadAction","target":["https:\/\/baessentiel.ca\/product\/lip-srub-duo-botanique\/"]}]},{"@type":"ImageObject","inLanguage":"fr-CA","@id":"https:\/\/baessentiel.ca\/product\/lip-srub-duo-botanique\/#primaryimage","url":"https:\/\/baessentiel.ca\/wp-content\/uploads\/2026\/03\/1000015812-scaled.jpg","contentUrl":"https:\/\/baessentiel.ca\/wp-content\/uploads\/2026\/03\/1000015812-scaled.jpg","width":1920,"height":2560},{"@type":"BreadcrumbList","@id":"https:\/\/baessentiel.ca\/product\/lip-srub-duo-botanique\/#breadcrumb","itemListElement":[{"@type":"ListItem","position":1,"name":"Home","item":"https:\/\/baessentiel.ca\/"},{"@type":"ListItem","position":2,"name":"Shop","item":"https:\/\/baessentiel.ca\/shop\/"},{"@type":"ListItem","position":3,"name":"Lip Srub \u2013 Duo Botanique"}]},{"@type":"WebSite","@id":"https:\/\/baessentiel.ca\/#website","url":"https:\/\/baessentiel.ca\/","name":"BA Essentiel","description":"Bougies artisanales et produits de bien-\u00eatre faits \u00e0 la main au Qu\u00e9bec.","publisher":{"@id":"https:\/\/baessentiel.ca\/#organization"},"potentialAction":[{"@type":"SearchAction","target":{"@type":"EntryPoint","urlTemplate":"https:\/\/baessentiel.ca\/?s={search_term_string}"},"query-input":{"@type":"PropertyValueSpecification","valueRequired":true,"valueName":"search_term_string"}}],"inLanguage":"fr-CA"},{"@type":"Organization","@id":"https:\/\/baessentiel.ca\/#organization","name":"BA Essentiel","url":"https:\/\/baessentiel.ca\/","logo":{"@type":"ImageObject","inLanguage":"fr-CA","@id":"https:\/\/baessentiel.ca\/#\/schema\/logo\/image\/","url":"https:\/\/baessentiel.ca\/wp-content\/uploads\/2026\/02\/LogoEN-1.png","contentUrl":"https:\/\/baessentiel.ca\/wp-content\/uploads\/2026\/02\/LogoEN-1.png","width":1082,"height":377,"caption":"BA Essentiel"},"image":{"@id":"https:\/\/baessentiel.ca\/#\/schema\/logo\/image\/"}}]}},"_links":{"self":[{"href":"https:\/\/baessentiel.ca\/fr\/wp-json\/wp\/v2\/product\/6202","targetHints":{"allow":["GET"]}}],"collection":[{"href":"https:\/\/baessentiel.ca\/fr\/wp-json\/wp\/v2\/product"}],"about":[{"href":"https:\/\/baessentiel.ca\/fr\/wp-json\/wp\/v2\/types\/product"}],"replies":[{"embeddable":true,"href":"https:\/\/baessentiel.ca\/fr\/wp-json\/wp\/v2\/comments?post=6202"}],"wp:featuredmedia":[{"embeddable":true,"href":"https:\/\/baessentiel.ca\/fr\/wp-json\/wp\/v2\/media\/6205"}],"wp:attachment":[{"href":"https:\/\/baessentiel.ca\/fr\/wp-json\/wp\/v2\/media?parent=6202"}],"wp:term":[{"taxonomy":"product_cat","embeddable":true,"href":"https:\/\/baessentiel.ca\/fr\/wp-json\/wp\/v2\/product_cat?post=6202"},{"taxonomy":"product_tag","embeddable":true,"href":"https:\/\/baessentiel.ca\/fr\/wp-json\/wp\/v2\/product_tag?post=6202"}],"curies":[{"name":"wp","href":"https:\/\/api.w.org\/{rel}","templated":true}]}}